{"id":1050,"date":"2020-09-28T12:00:35","date_gmt":"2020-09-28T10:00:35","guid":{"rendered":"https:\/\/keijtech.nl\/de\/highlight-pro\/"},"modified":"2025-08-30T12:21:40","modified_gmt":"2025-08-30T10:21:40","slug":"schaltbare-klappenauspuff-wakeboard-tower-wakeboardtower-waketower-ttop-biminitop-tower-bimini","status":"publish","type":"page","link":"https:\/\/keijtech.nl\/de\/","title":{"rendered":"Front Page"},"content":{"rendered":"<div  id=\"features-1\" style=\"background-color: #ffffff;\" data-label=\"Features\" data-id=\"features-16-card-bordered-mc\" data-export-id=\"features-16-card-bordered-mc\" data-bullets-visibility=\"true\" data-category=\"features\" class=\"features-16-card-bordered-mc content-section content-section-spacing\"><div  class=\"gridContainer\"> <div  class=\"row text-center\"><div  class=\"section-title-col\" data-type=\"column\">  <h2  class=\"\">Das <span  style=\"font-family: &quot;arial black&quot;, sans-serif;\">Keijtech<\/span> bereich:<\/h2> <p  class=\"lead\">Bei Keijtech haben wir ein standard Bootsfirma aber auch eine Linie mit selbst Hergestellte \/ Entwickelten Produkten.<br >\nBitte klicken Sie auf die Bilder hier, oder suchen sie in den Menu f\u00fcr dein Produkt.<\/p><\/div> <\/div> <div  class=\"row spaced-cols\" data-type=\"row\"> <div  class=\"col-xs-12 col-sm-6 col-md-4\"> <div  class=\"card no-padding bordered y-move\"> <a  data-cp-link=\"1\" href=\"https:\/\/keijtech.nl\/de\/gebrauchte-boote\" target=\"_self\" rel=\"noopener noreferrer\"><img  decoding=\"async\" class=\"face smush-detected-img smush-image-5 smush-image-2\" src=\"https:\/\/keijtech.nl\/de\/wp-content\/uploads\/sites\/3\/2023\/09\/cropped-IMG_2838-scaled-1.jpg\" alt=\"\" title=\"cropped-IMG_4196-scaled-1.jpg\"><\/a> <div  data-type=\"column\" class=\"col-padding-small col-padding-small-xs description-container\"> <h4  class=\"font-500\"><span  style=\"font-weight: 700;\">Gebrauchtboote<\/span><\/h4> <p  class=\"\"><span  style=\"font-weight: 400;\">Jetzt bietet Keijtech diesen gebrauchte Sportboote an<\/span><\/p><\/div> <div  data-type=\"column\" class=\"col-padding-small col-padding-small-xs read-more-container\"><\/div> <\/div><\/div> <div  class=\"col-xs-12 col-sm-6 col-md-4\"><div  class=\"card no-padding bordered y-move\"> <a  data-cp-link=\"1\" href=\"https:\/\/keijtech.nl\/de\/offene-auspuff-umschaltung\" target=\"_self\" rel=\"noopener noreferrer\"><img  decoding=\"async\" class=\"face smush-detected-img smush-image-6 smush-image-3\" src=\"https:\/\/keijtech.nl\/de\/wp-content\/uploads\/sites\/3\/2020\/12\/cropped-IMG_6611-scaled-1.jpg\" alt=\"\" title=\"uitlaat klep + doorvoer\"><\/a> <div  data-type=\"column\" class=\"col-padding-small col-padding-small-xs description-container\"> <h4  class=\"font-500\"><span  style=\"font-weight: 700;\">Schaltbare Klappenauspuff \u2013 Systeme<\/span><\/h4> <p  class=\"\"><span  style=\"font-weight: 400;\">V8 Klang oder wieder komfortables fahren mit 100% Originalen Leise Klang.<\/span> <\/p><\/div> <div  data-type=\"column\" class=\"col-padding-small col-padding-small-xs read-more-container\"><\/div> <\/div><\/div> <div  class=\"col-xs-12 col-sm-6 col-md-4\"><div  class=\"card no-padding bordered y-move\"> <a  data-cp-link=\"1\" href=\"https:\/\/keijtech.nl\/de\/wakeboardtowers\" target=\"_self\" rel=\"noopener noreferrer\"><img  decoding=\"async\" class=\"face smush-detected-img smush-image-2 smush-image-7 smush-image-4\" src=\"https:\/\/keijtech.nl\/de\/wp-content\/uploads\/sites\/3\/2023\/04\/cropped-keijtech-forward-tower-gemonteerd-scaled-1.jpg\" alt=\"\" title=\"IMG-20170709-WA0010\"><\/a> <div  data-type=\"column\" class=\"col-padding-small col-padding-small-xs description-container\"> <h4  class=\"font-500\"><span  style=\"font-weight: 700;\">Wakeboardtowers und Zubeh\u00f6r<\/span><\/h4> <p  class=\"\"><span  style=\"font-weight: 400;\">Einfach Wakeboardfahren mit einem Keijtech Wakeboard Tower<\/span> <\/p><\/div> <div  data-type=\"column\" class=\"col-padding-small col-padding-small-xs read-more-container\"><\/div> <\/div><\/div> <div  class=\"col-xs-12 col-sm-6 col-md-4\"> <div  class=\"card no-padding bordered y-move\"> <a  data-cp-link=\"1\" href=\"https:\/\/keijtech.nl\/de\/t-top-bimini\" target=\"_self\" rel=\"noopener noreferrer\"><img  decoding=\"async\" class=\"face smush-detected-img smush-image-5\" src=\"https:\/\/keijtech.nl\/de\/wp-content\/uploads\/sites\/3\/2023\/12\/keijtech-ttop-bimini-schwarz-rib-1.jpg\" alt=\"\" title=\"cropped-IMG_4196-scaled-1.jpg\"><\/a> <div  data-type=\"column\" class=\"col-padding-small col-padding-small-xs description-container\"> <h4  class=\"font-500\"><span  style=\"font-weight: 700;\">T-top Bimini\u2019s<\/span><\/h4> <p  class=\"\"><span  style=\"font-weight: 400;\">Der Biminitop f\u00fcr RIB und Konsolen Boote.<\/span><\/p><\/div> <div  data-type=\"column\" class=\"col-padding-small col-padding-small-xs read-more-container\"><\/div> <\/div><\/div><div  class=\"col-xs-12 col-sm-6 col-md-4\"> <div  class=\"card no-padding bordered y-move\"> <a  data-cp-link=\"1\" href=\"https:\/\/keijtech.nl\/de\/winterlager\" target=\"_self\" rel=\"noopener noreferrer\"><img  decoding=\"async\" class=\"face smush-detected-img smush-image-5 smush-image-2\" src=\"https:\/\/keijtech.nl\/de\/wp-content\/uploads\/sites\/3\/2025\/05\/cropped-IMG_5079-scaled-2.jpg\" alt=\"\" title=\"cropped-IMG_4196-scaled-1.jpg\"><\/a> <div  data-type=\"column\" class=\"col-padding-small col-padding-small-xs description-container\"> <h4  class=\"font-500\"><span id=\"_mce_caret\" data-mce-bogus=\"1\" data-mce-type=\"format-caret\" ><span style=\"font-weight: 700;\" >\ufeffWinterlager<\/span><\/span><\/h4> <p  class=\"\"><span id=\"_mce_caret\" data-mce-bogus=\"1\" data-mce-type=\"format-caret\" ><span style=\"font-weight: 400;\" >\ufeffDein Boot Sauber und Sicher Lagern bei Keijtech<\/span><\/span><\/p><\/div> <div  data-type=\"column\" class=\"col-padding-small col-padding-small-xs read-more-container\"><\/div> <\/div><\/div><\/div><\/div> <\/div><div  id=\"about-1\" style=\"background-color: #f5fafd;\" data-label=\"About\" data-id=\"about-images-right-section-mc\" data-export-id=\"about-images-right-section-mc\" data-bullets-visibility=\"true\" data-category=\"about\" class=\"about-images-right-section-mc content-section content-section-spacing\"><div  class=\"gridContainer\"> <div  class=\"row middle-sm text-center\"><div  class=\"col-sm-5 content-left-sm\" data-type=\"column\"> <h5  class=\"\">Wilkommen bei Keijtech<\/h5> <h2  class=\"\">Technisch, Praktisch und die <span  style=\"font-family: &quot;arial black&quot;, sans-serif;\">Keijtech<\/span>-Produktlinie<\/h2> <p  class=\"\"><span  style=\"font-weight: 400;\">Die Firma Keijtech war urspr\u00fcnglich ein Handelshaus. Seit 2013 sind wir als H\u00e4ndler im Bereich Wassersport (Gebrauchtboote, Trailer und Zubeh\u00f6r) sowie im Bereich Gewerbewaren (Maschinen, Anh\u00e4nger und Werkzeuge) aktiv. \n<\/span><br ><br ><span  style=\"font-weight: 400;\">Mittlerweile machen wir Wartung, Winterlager und haben wir unsere eigenen Produktlinien in den Bereichen Wakeboard-Tower, T-top, schaltbare Klappenauspuff-Systeme und Badeplattform. Auf dieser Website wollen wir Ihnen die M\u00f6glichkeit geben, sich \u00fcber unsere hochwertigen Produkte zu informieren.<\/span><br ><\/p> <\/div> <div  class=\"col-sm-7 space-bottom-xs\"><div  class=\"image-group-side-3-img\"> <img  decoding=\"async\" class=\"topimg shadow-large smush-detected-img smush-image-2 smush-image-6 smush-image-1\" src=\"https:\/\/keijtech.nl\/de\/wp-content\/uploads\/sites\/3\/2016\/02\/FE1-gemonteerd.jpg\" alt=\"\" title=\"FE1 gemonteerd\"> <img  decoding=\"async\" class=\"rightimg shadow-large smush-detected-img smush-image-1 smush-image-3 smush-image-7 smush-image-6 smush-image-5\" src=\"https:\/\/keijtech.nl\/de\/wp-content\/uploads\/sites\/3\/2020\/09\/cropped-Schermafbeelding-2020-09-28-om-12.15.20.png\" alt=\"\" title=\"cropped-Schermafbeelding-2020-09-28-om-12.15.20.png\"> <div  class=\"leftimg\"> <img  decoding=\"async\" class=\"shadow-large smush-detected-img smush-image-3 smush-image-1 smush-image-2 smush-image-4 smush-image-8 smush-image-7 smush-image-6\" src=\"https:\/\/keijtech.nl\/de\/wp-content\/uploads\/sites\/3\/2025\/05\/cropped-IMG_5079-scaled-1.jpg\" alt=\"\" title=\"IMG_5079\"><\/div> <\/div><\/div> <\/div><\/div> <\/div><div  id=\"content-1\" style=\"background-color: #f5fafd;\" data-label=\"Content\" data-id=\"content-7-mc\" data-export-id=\"content-7-mc\" data-category=\"content\" class=\"content-7-mc content-section content-section-spacing\"><div  class=\"gridContainer\"> <div  class=\"row middle-sm\"><div  class=\"col-sm-6 space-bottom-xs\" data-type=\"column\"> <h2  class=\"\"><span  style=\"font-family: &quot;arial black&quot;, sans-serif;\">Keijtech<\/span> erlangerten Badeplattform<\/h2> <p  class=\"\">WIRD JETZT NOCH ENTWICKELT,&nbsp; Ende 2025 FERTIG F\u00dcR VERKAUF.\n<span  style=\"font-weight: 400;\">(Jetzt war den Zweiten Version montiert auf Unseren Testboot f\u00fcr Ausdauerntest)<\/span><br ><br ><span  style=\"font-weight: 400;\">\nNeu im Keijtech Boot Ausstattung Produktlinie, den Universal Badeplattform f\u00fcr Speedboote. \n<\/span><br ><br ><span  style=\"font-weight: 400;\">Wann sie ein Neuen Boot kauft konnte sie einfach den Optionalen Erlangerten Badeplattform dabei kaufen. Aber wann sie ein gebrauchten Boot hatte, war das sehr schwer zu bekommen. Keijtech Entwickelt jetzt ein Universalen Badeplattform f\u00fcr Speedboote das sie einfach auf dein Boot konnte Montieren.<\/span> <\/p> <\/div> <div  class=\"col-sm-6\" data-type=\"column\"> <img  decoding=\"async\" class=\"shadow-large smush-detected-img smush-image-3 smush-image-8 smush-image-9 smush-image-7\" src=\"https:\/\/keijtech.nl\/de\/wp-content\/uploads\/sites\/3\/2022\/12\/cropped-IMG_7984-scaled-1.jpg\" alt=\"\" title=\"IMG_7984\"><\/div> <\/div><\/div> <\/div><div  id=\"content-2\" style=\"background-color: #ffffff;\" data-label=\"Content\" data-id=\"content-8-mc\" data-export-id=\"content-8-mc\" data-category=\"content\" class=\"content-8-mc content-section content-section-spacing\"><div  class=\"gridContainer\"> <div  class=\"row middle-sm\"><div  class=\"col-sm-6 space-bottom-xs space-top-xs\" data-type=\"column\"> <img  decoding=\"async\" class=\"shadow-large smush-detected-img smush-image-4 smush-image-9 smush-image-10 smush-image-8\" src=\"https:\/\/keijtech.nl\/de\/wp-content\/uploads\/sites\/3\/2020\/11\/cropped-IMG_4934-scaled-1.jpg\" alt=\"\" title=\"cropped-IMG_4934-scaled-1.jpg\"><\/div> <div  class=\"col-sm-6\" data-type=\"column\"><h2  class=\"\">Dein Boot verkaufen?<\/h2> <p  class=\"\"><span  style=\"font-weight: 400;\">M\u00f6chten Sie Ihren Boot einfach verkaufen? Keijtech ist st\u00e4ndig auf der Suche nach jung gebrauchten Booten, <span  style=\"font-weight: 700;\"><span  style=\"text-decoration: underline;\">nur ab<\/span> <span  style=\"text-decoration: underline;\">Baujahr 2015 und kein Salzwasserboote<\/span>.<\/span> Wir suchen immer Sportboote und Bowriders mit Innenbordmotor bis zu 9 Metern.\n<\/span><br ><br ><span  style=\"font-weight: 400;\">\nBitte senden Sie uns eine E-Mail mit den Bootsdetails und einigen Bildern. Wir machen Ihnen innerhalb weniger Tage ein gutes Angebot. Nehmen Sie Handelspreise an.&nbsp;\n<\/span><br ><br ><span  style=\"font-weight: 400;\"> Boote mit Defekt, Frostschade oder ohne Anh\u00e4nger sind ebenfalls kein Problem.<\/span><\/p> <\/div> <\/div><\/div> <\/div>","protected":false},"excerpt":{"rendered":"<p>Das Keijtech bereich: Bei Keijtech haben wir ein standard Bootsfirma aber auch eine Linie mit selbst Hergestellte \/ Entwickelten Produkten. Bitte klicken Sie auf die Bilder hier, oder suchen sie in den Menu f\u00fcr dein Produkt. Gebrauchtboote Jetzt bietet Keijtech diesen gebrauchte Sportboote an Schaltbare Klappenauspuff \u2013 Systeme V8 Klang oder wieder komfortables fahren mit&hellip; <br \/> <a class=\"read-more\" href=\"https:\/\/keijtech.nl\/de\/\">Weiterlesen<\/a><\/p>\n","protected":false},"author":1,"featured_media":0,"parent":0,"menu_order":0,"comment_status":"closed","ping_status":"closed","template":"page-templates\/homepage.php","meta":{"footnotes":""},"class_list":["post-1050","page","type-page","status-publish","hentry"],"yoast_head":"<!-- This site is optimized with the Yoast SEO plugin v27.3 - https:\/\/yoast.com\/product\/yoast-seo-wordpress\/ -->\n<title>Keijtech Wakeboardtower T-Top Klappenauspuff<\/title>\n<meta name=\"description\" content=\"Keijtech, der Bootsfirma von die Niederlanden mit selbst entworfene Produkte im Bereich Schaltbare Klappenauspuff, Wakeboardtower und T-top.\" \/>\n<meta name=\"robots\" content=\"index, follow, max-snippet:-1, max-image-preview:large, max-video-preview:-1\" \/>\n<link rel=\"canonical\" href=\"https:\/\/keijtech.nl\/de\/\" \/>\n<meta property=\"og:locale\" content=\"de_DE\" \/>\n<meta property=\"og:type\" content=\"article\" \/>\n<meta property=\"og:title\" content=\"Keijtech Wakeboardtower T-Top Klappenauspuff\" \/>\n<meta property=\"og:description\" content=\"Keijtech, der Bootsfirma von die Niederlanden mit selbst entworfene Produkte im Bereich Schaltbare Klappenauspuff, Wakeboardtower und T-top.\" \/>\n<meta property=\"og:url\" content=\"https:\/\/keijtech.nl\/de\/\" \/>\n<meta property=\"article:modified_time\" content=\"2025-08-30T10:21:40+00:00\" \/>\n<meta property=\"og:image\" content=\"https:\/\/keijtech.nl\/de\/wp-content\/uploads\/sites\/3\/2023\/09\/cropped-IMG_2838-scaled-1.jpg\" \/>\n<meta name=\"twitter:card\" content=\"summary_large_image\" \/>\n<meta name=\"twitter:label1\" content=\"Gesch\u00e4tzte Lesezeit\" \/>\n\t<meta name=\"twitter:data1\" content=\"4\u00a0Minuten\" \/>\n<script type=\"application\/ld+json\" class=\"yoast-schema-graph\">{\"@context\":\"https:\\\/\\\/schema.org\",\"@graph\":[{\"@type\":\"WebPage\",\"@id\":\"https:\\\/\\\/keijtech.nl\\\/de\\\/\",\"url\":\"https:\\\/\\\/keijtech.nl\\\/de\\\/\",\"name\":\"Keijtech Wakeboardtower T-Top Klappenauspuff\",\"isPartOf\":{\"@id\":\"https:\\\/\\\/keijtech.nl\\\/de\\\/#website\"},\"primaryImageOfPage\":{\"@id\":\"https:\\\/\\\/keijtech.nl\\\/de\\\/#primaryimage\"},\"image\":{\"@id\":\"https:\\\/\\\/keijtech.nl\\\/de\\\/#primaryimage\"},\"thumbnailUrl\":\"https:\\\/\\\/keijtech.nl\\\/de\\\/wp-content\\\/uploads\\\/sites\\\/3\\\/2023\\\/09\\\/cropped-IMG_2838-scaled-1.jpg\",\"datePublished\":\"2020-09-28T10:00:35+00:00\",\"dateModified\":\"2025-08-30T10:21:40+00:00\",\"description\":\"Keijtech, der Bootsfirma von die Niederlanden mit selbst entworfene Produkte im Bereich Schaltbare Klappenauspuff, Wakeboardtower und T-top.\",\"breadcrumb\":{\"@id\":\"https:\\\/\\\/keijtech.nl\\\/de\\\/#breadcrumb\"},\"inLanguage\":\"de\",\"potentialAction\":[{\"@type\":\"ReadAction\",\"target\":[\"https:\\\/\\\/keijtech.nl\\\/de\\\/\"]}]},{\"@type\":\"ImageObject\",\"inLanguage\":\"de\",\"@id\":\"https:\\\/\\\/keijtech.nl\\\/de\\\/#primaryimage\",\"url\":\"https:\\\/\\\/keijtech.nl\\\/de\\\/wp-content\\\/uploads\\\/sites\\\/3\\\/2023\\\/09\\\/cropped-IMG_2838-scaled-1.jpg\",\"contentUrl\":\"https:\\\/\\\/keijtech.nl\\\/de\\\/wp-content\\\/uploads\\\/sites\\\/3\\\/2023\\\/09\\\/cropped-IMG_2838-scaled-1.jpg\",\"width\":1023,\"height\":573},{\"@type\":\"BreadcrumbList\",\"@id\":\"https:\\\/\\\/keijtech.nl\\\/de\\\/#breadcrumb\",\"itemListElement\":[{\"@type\":\"ListItem\",\"position\":1,\"name\":\"Home\",\"item\":\"https:\\\/\\\/keijtech.nl\\\/de\\\/\"},{\"@type\":\"ListItem\",\"position\":2,\"name\":\"Front Page\"}]},{\"@type\":\"WebSite\",\"@id\":\"https:\\\/\\\/keijtech.nl\\\/de\\\/#website\",\"url\":\"https:\\\/\\\/keijtech.nl\\\/de\\\/\",\"name\":\"Keijtech.de\",\"description\":\"Keijtech Wassersport Produkte Deutschland\",\"publisher\":{\"@id\":\"https:\\\/\\\/keijtech.nl\\\/de\\\/#organization\"},\"potentialAction\":[{\"@type\":\"SearchAction\",\"target\":{\"@type\":\"EntryPoint\",\"urlTemplate\":\"https:\\\/\\\/keijtech.nl\\\/de\\\/?s={search_term_string}\"},\"query-input\":{\"@type\":\"PropertyValueSpecification\",\"valueRequired\":true,\"valueName\":\"search_term_string\"}}],\"inLanguage\":\"de\"},{\"@type\":\"Organization\",\"@id\":\"https:\\\/\\\/keijtech.nl\\\/de\\\/#organization\",\"name\":\"Keijtech\",\"url\":\"https:\\\/\\\/keijtech.nl\\\/de\\\/\",\"logo\":{\"@type\":\"ImageObject\",\"inLanguage\":\"de\",\"@id\":\"https:\\\/\\\/keijtech.nl\\\/de\\\/#\\\/schema\\\/logo\\\/image\\\/\",\"url\":\"https:\\\/\\\/keijtech.nl\\\/de\\\/wp-content\\\/uploads\\\/sites\\\/3\\\/2016\\\/02\\\/keijtech_logo_website.png\",\"contentUrl\":\"https:\\\/\\\/keijtech.nl\\\/de\\\/wp-content\\\/uploads\\\/sites\\\/3\\\/2016\\\/02\\\/keijtech_logo_website.png\",\"width\":1024,\"height\":111,\"caption\":\"Keijtech\"},\"image\":{\"@id\":\"https:\\\/\\\/keijtech.nl\\\/de\\\/#\\\/schema\\\/logo\\\/image\\\/\"}}]}<\/script>\n<!-- \/ Yoast SEO plugin. -->","yoast_head_json":{"title":"Keijtech Wakeboardtower T-Top Klappenauspuff","description":"Keijtech, der Bootsfirma von die Niederlanden mit selbst entworfene Produkte im Bereich Schaltbare Klappenauspuff, Wakeboardtower und T-top.","robots":{"index":"index","follow":"follow","max-snippet":"max-snippet:-1","max-image-preview":"max-image-preview:large","max-video-preview":"max-video-preview:-1"},"canonical":"https:\/\/keijtech.nl\/de\/","og_locale":"de_DE","og_type":"article","og_title":"Keijtech Wakeboardtower T-Top Klappenauspuff","og_description":"Keijtech, der Bootsfirma von die Niederlanden mit selbst entworfene Produkte im Bereich Schaltbare Klappenauspuff, Wakeboardtower und T-top.","og_url":"https:\/\/keijtech.nl\/de\/","article_modified_time":"2025-08-30T10:21:40+00:00","og_image":[{"url":"https:\/\/keijtech.nl\/de\/wp-content\/uploads\/sites\/3\/2023\/09\/cropped-IMG_2838-scaled-1.jpg","type":"","width":"","height":""}],"twitter_card":"summary_large_image","twitter_misc":{"Gesch\u00e4tzte Lesezeit":"4\u00a0Minuten"},"schema":{"@context":"https:\/\/schema.org","@graph":[{"@type":"WebPage","@id":"https:\/\/keijtech.nl\/de\/","url":"https:\/\/keijtech.nl\/de\/","name":"Keijtech Wakeboardtower T-Top Klappenauspuff","isPartOf":{"@id":"https:\/\/keijtech.nl\/de\/#website"},"primaryImageOfPage":{"@id":"https:\/\/keijtech.nl\/de\/#primaryimage"},"image":{"@id":"https:\/\/keijtech.nl\/de\/#primaryimage"},"thumbnailUrl":"https:\/\/keijtech.nl\/de\/wp-content\/uploads\/sites\/3\/2023\/09\/cropped-IMG_2838-scaled-1.jpg","datePublished":"2020-09-28T10:00:35+00:00","dateModified":"2025-08-30T10:21:40+00:00","description":"Keijtech, der Bootsfirma von die Niederlanden mit selbst entworfene Produkte im Bereich Schaltbare Klappenauspuff, Wakeboardtower und T-top.","breadcrumb":{"@id":"https:\/\/keijtech.nl\/de\/#breadcrumb"},"inLanguage":"de","potentialAction":[{"@type":"ReadAction","target":["https:\/\/keijtech.nl\/de\/"]}]},{"@type":"ImageObject","inLanguage":"de","@id":"https:\/\/keijtech.nl\/de\/#primaryimage","url":"https:\/\/keijtech.nl\/de\/wp-content\/uploads\/sites\/3\/2023\/09\/cropped-IMG_2838-scaled-1.jpg","contentUrl":"https:\/\/keijtech.nl\/de\/wp-content\/uploads\/sites\/3\/2023\/09\/cropped-IMG_2838-scaled-1.jpg","width":1023,"height":573},{"@type":"BreadcrumbList","@id":"https:\/\/keijtech.nl\/de\/#breadcrumb","itemListElement":[{"@type":"ListItem","position":1,"name":"Home","item":"https:\/\/keijtech.nl\/de\/"},{"@type":"ListItem","position":2,"name":"Front Page"}]},{"@type":"WebSite","@id":"https:\/\/keijtech.nl\/de\/#website","url":"https:\/\/keijtech.nl\/de\/","name":"Keijtech.de","description":"Keijtech Wassersport Produkte Deutschland","publisher":{"@id":"https:\/\/keijtech.nl\/de\/#organization"},"potentialAction":[{"@type":"SearchAction","target":{"@type":"EntryPoint","urlTemplate":"https:\/\/keijtech.nl\/de\/?s={search_term_string}"},"query-input":{"@type":"PropertyValueSpecification","valueRequired":true,"valueName":"search_term_string"}}],"inLanguage":"de"},{"@type":"Organization","@id":"https:\/\/keijtech.nl\/de\/#organization","name":"Keijtech","url":"https:\/\/keijtech.nl\/de\/","logo":{"@type":"ImageObject","inLanguage":"de","@id":"https:\/\/keijtech.nl\/de\/#\/schema\/logo\/image\/","url":"https:\/\/keijtech.nl\/de\/wp-content\/uploads\/sites\/3\/2016\/02\/keijtech_logo_website.png","contentUrl":"https:\/\/keijtech.nl\/de\/wp-content\/uploads\/sites\/3\/2016\/02\/keijtech_logo_website.png","width":1024,"height":111,"caption":"Keijtech"},"image":{"@id":"https:\/\/keijtech.nl\/de\/#\/schema\/logo\/image\/"}}]}},"_links":{"self":[{"href":"https:\/\/keijtech.nl\/de\/wp-json\/wp\/v2\/pages\/1050","targetHints":{"allow":["GET"]}}],"collection":[{"href":"https:\/\/keijtech.nl\/de\/wp-json\/wp\/v2\/pages"}],"about":[{"href":"https:\/\/keijtech.nl\/de\/wp-json\/wp\/v2\/types\/page"}],"author":[{"embeddable":true,"href":"https:\/\/keijtech.nl\/de\/wp-json\/wp\/v2\/users\/1"}],"replies":[{"embeddable":true,"href":"https:\/\/keijtech.nl\/de\/wp-json\/wp\/v2\/comments?post=1050"}],"version-history":[{"count":2,"href":"https:\/\/keijtech.nl\/de\/wp-json\/wp\/v2\/pages\/1050\/revisions"}],"predecessor-version":[{"id":3008,"href":"https:\/\/keijtech.nl\/de\/wp-json\/wp\/v2\/pages\/1050\/revisions\/3008"}],"wp:attachment":[{"href":"https:\/\/keijtech.nl\/de\/wp-json\/wp\/v2\/media?parent=1050"}],"curies":[{"name":"wp","href":"https:\/\/api.w.org\/{rel}","templated":true}]}}