{"id":14,"date":"2016-02-29T09:38:55","date_gmt":"2016-02-29T08:38:55","guid":{"rendered":"http:\/\/keijtech.nl\/de\/?page_id=14"},"modified":"2025-05-04T17:31:51","modified_gmt":"2025-05-04T15:31:51","slug":"boot-trailers","status":"publish","type":"page","link":"https:\/\/keijtech.nl\/de\/boot-trailers\/","title":{"rendered":"Boot Trailers"},"content":{"rendered":"\t\t<div data-elementor-type=\"wp-page\" data-elementor-id=\"14\" class=\"elementor elementor-14\">\n\t\t\t\t\t\t<section class=\"elementor-section elementor-top-section elementor-element elementor-element-5d9ae61 elementor-section-boxed elementor-section-height-default elementor-section-height-default\" data-id=\"5d9ae61\" data-element_type=\"section\" data-e-type=\"section\">\n\t\t\t\t\t\t<div class=\"elementor-container elementor-column-gap-default\">\n\t\t\t\t\t<div class=\"elementor-column elementor-col-100 elementor-top-column elementor-element elementor-element-1521778\" data-id=\"1521778\" data-element_type=\"column\" data-e-type=\"column\">\n\t\t\t<div class=\"elementor-widget-wrap elementor-element-populated\">\n\t\t\t\t\t\t<div class=\"elementor-element elementor-element-422a2c0 elementor-widget elementor-widget-heading\" data-id=\"422a2c0\" data-element_type=\"widget\" data-e-type=\"widget\" data-widget_type=\"heading.default\">\n\t\t\t\t<div class=\"elementor-widget-container\">\n\t\t\t\t\t<h2 class=\"elementor-heading-title elementor-size-default\">Bootsanh\u00e4nger bei Keijtech<\/h2>\t\t\t\t<\/div>\n\t\t\t\t<\/div>\n\t\t\t\t\t<\/div>\n\t\t<\/div>\n\t\t\t\t\t<\/div>\n\t\t<\/section>\n\t\t\t\t<section class=\"elementor-section elementor-top-section elementor-element elementor-element-595671f elementor-section-boxed elementor-section-height-default elementor-section-height-default\" data-id=\"595671f\" data-element_type=\"section\" data-e-type=\"section\">\n\t\t\t\t\t\t<div class=\"elementor-container elementor-column-gap-default\">\n\t\t\t\t\t<div class=\"elementor-column elementor-col-100 elementor-top-column elementor-element elementor-element-0e865b4\" data-id=\"0e865b4\" data-element_type=\"column\" data-e-type=\"column\">\n\t\t\t<div class=\"elementor-widget-wrap elementor-element-populated\">\n\t\t\t\t\t\t<div class=\"elementor-element elementor-element-b63926b elementor-widget elementor-widget-text-editor\" data-id=\"b63926b\" data-element_type=\"widget\" data-e-type=\"widget\" data-widget_type=\"text-editor.default\">\n\t\t\t\t<div class=\"elementor-widget-container\">\n\t\t\t\t\t\t\t\t\t<p>Keijtech bietet Bootsanh\u00e4nger an von die Marken <b>Vlemmix und Pega<\/b>, welchen beide in die Niederlanden werden hergestellt. Qualitativ hochwertiger Bootsanh\u00e4nger, aber doch Preislich Interessant.<\/p><p>Wir k\u00f6nnen Ihnen Bootsanh\u00e4nger im Bereich 1.350 \u2013 3.500 kg zul\u00e4ssigen Gesamtgewichts anbieten. Mit C.O.C. Konformit\u00e4t Erkl\u00e4rung, so einfach selbst anmelden in Deutschland.<\/p><p><b>Niederlandischen Gebrauchtanh\u00e4nger sind nicht Interessant wegen Ummeldung nach Deutschen Zulassung, T\u00dcV machen, etc. Wir bieten Deutschen Kunden nur Neuen Anh\u00e4nger an.\u00a0<\/b><\/p><p>Optionen f\u00fcr den Bootsanh\u00e4nger<\/p><ul><li>Einzeln Asche, Doppelascher oder Drei-Ascher m\u00f6glich. <\/li><li>Standard Rollers, Balkbahnen, Flex-Rollerbahnen oder Segelboot Ausf\u00fchrung.<\/li><li>Optional Wasserdichte Klappbar LED Leichten<\/li><li>Lange Trailers von 6,3 bis 10 Meter<\/li><li>1020kg bis 2800kg Kapazit\u00e4t. <\/li><\/ul><div>Bitte Rufen Sie uns An f\u00fcr den Aktuel Lager. Auf Bestellung mit nur 5 Wochen Lieferzeit. <\/div>\t\t\t\t\t\t\t\t<\/div>\n\t\t\t\t<\/div>\n\t\t\t\t\t<\/div>\n\t\t<\/div>\n\t\t\t\t\t<\/div>\n\t\t<\/section>\n\t\t\t\t<section class=\"elementor-section elementor-top-section elementor-element elementor-element-44ac4fa elementor-section-boxed elementor-section-height-default elementor-section-height-default\" data-id=\"44ac4fa\" data-element_type=\"section\" data-e-type=\"section\">\n\t\t\t\t\t\t<div class=\"elementor-container elementor-column-gap-default\">\n\t\t\t\t\t<div class=\"elementor-column elementor-col-100 elementor-top-column elementor-element elementor-element-3301dbd\" data-id=\"3301dbd\" data-element_type=\"column\" data-e-type=\"column\">\n\t\t\t<div class=\"elementor-widget-wrap elementor-element-populated\">\n\t\t\t\t\t\t<div class=\"elementor-element elementor-element-38ca8a4 elementor-arrows-position-inside elementor-pagination-position-outside elementor-widget elementor-widget-image-carousel\" data-id=\"38ca8a4\" data-element_type=\"widget\" data-e-type=\"widget\" data-settings=\"{&quot;slides_to_show&quot;:&quot;1&quot;,&quot;effect&quot;:&quot;fade&quot;,&quot;navigation&quot;:&quot;both&quot;,&quot;autoplay&quot;:&quot;yes&quot;,&quot;pause_on_hover&quot;:&quot;yes&quot;,&quot;pause_on_interaction&quot;:&quot;yes&quot;,&quot;autoplay_speed&quot;:5000,&quot;infinite&quot;:&quot;yes&quot;,&quot;speed&quot;:500}\" data-widget_type=\"image-carousel.default\">\n\t\t\t\t<div class=\"elementor-widget-container\">\n\t\t\t\t\t\t\t<div class=\"elementor-image-carousel-wrapper swiper\" role=\"region\" aria-roledescription=\"carousel\" aria-label=\"Bild Karussell\" dir=\"ltr\">\n\t\t\t<div class=\"elementor-image-carousel swiper-wrapper\" aria-live=\"off\">\n\t\t\t\t\t\t\t\t<div class=\"swiper-slide\" role=\"group\" aria-roledescription=\"slide\" aria-label=\"1 von 10\"><figure class=\"swiper-slide-inner\"><img decoding=\"async\" class=\"swiper-slide-image\" src=\"https:\/\/keijtech.nl\/de\/wp-content\/uploads\/sites\/3\/2025\/05\/IMG_5962-768x468.jpg\" alt=\"IMG_5962\" \/><\/figure><\/div><div class=\"swiper-slide\" role=\"group\" aria-roledescription=\"slide\" aria-label=\"2 von 10\"><figure class=\"swiper-slide-inner\"><img decoding=\"async\" class=\"swiper-slide-image\" src=\"https:\/\/keijtech.nl\/de\/wp-content\/uploads\/sites\/3\/2025\/05\/LED-Klappbar-DE-768x576.jpg\" alt=\"LED Klappbar DE\" \/><\/figure><\/div><div class=\"swiper-slide\" role=\"group\" aria-roledescription=\"slide\" aria-label=\"3 von 10\"><figure class=\"swiper-slide-inner\"><img decoding=\"async\" class=\"swiper-slide-image\" src=\"https:\/\/keijtech.nl\/de\/wp-content\/uploads\/sites\/3\/2025\/05\/IMG_5648-768x402.jpg\" alt=\"IMG_5648\" \/><\/figure><\/div><div class=\"swiper-slide\" role=\"group\" aria-roledescription=\"slide\" aria-label=\"4 von 10\"><figure class=\"swiper-slide-inner\"><img decoding=\"async\" class=\"swiper-slide-image\" src=\"https:\/\/keijtech.nl\/de\/wp-content\/uploads\/sites\/3\/2025\/05\/IMG_5967-768x377.jpg\" alt=\"IMG_5967\" \/><\/figure><\/div><div class=\"swiper-slide\" role=\"group\" aria-roledescription=\"slide\" aria-label=\"5 von 10\"><figure class=\"swiper-slide-inner\"><img decoding=\"async\" class=\"swiper-slide-image\" src=\"https:\/\/keijtech.nl\/de\/wp-content\/uploads\/sites\/3\/2025\/05\/IMG_5649-768x493.jpg\" alt=\"IMG_5649\" \/><\/figure><\/div><div class=\"swiper-slide\" role=\"group\" aria-roledescription=\"slide\" aria-label=\"6 von 10\"><figure class=\"swiper-slide-inner\"><img decoding=\"async\" class=\"swiper-slide-image\" src=\"https:\/\/keijtech.nl\/de\/wp-content\/uploads\/sites\/3\/2025\/05\/IMG_5961-768x371.jpg\" alt=\"IMG_5961\" \/><\/figure><\/div><div class=\"swiper-slide\" role=\"group\" aria-roledescription=\"slide\" aria-label=\"7 von 10\"><figure class=\"swiper-slide-inner\"><img decoding=\"async\" class=\"swiper-slide-image\" src=\"https:\/\/keijtech.nl\/de\/wp-content\/uploads\/sites\/3\/2016\/02\/WP_20170513_11_43_38_Pro-768x342.jpg\" alt=\"WP_20170513_11_43_38_Pro\" \/><\/figure><\/div><div class=\"swiper-slide\" role=\"group\" aria-roledescription=\"slide\" aria-label=\"8 von 10\"><figure class=\"swiper-slide-inner\"><img decoding=\"async\" class=\"swiper-slide-image\" src=\"https:\/\/keijtech.nl\/de\/wp-content\/uploads\/sites\/3\/2016\/02\/WP_20170727_12_12_15_Pro-768x326.jpg\" alt=\"WP_20170727_12_12_15_Pro\" \/><\/figure><\/div><div class=\"swiper-slide\" role=\"group\" aria-roledescription=\"slide\" aria-label=\"9 von 10\"><figure class=\"swiper-slide-inner\"><img decoding=\"async\" class=\"swiper-slide-image\" src=\"https:\/\/keijtech.nl\/de\/wp-content\/uploads\/sites\/3\/2016\/02\/WP_20170818_17_55_41_Pro-768x394.jpg\" alt=\"WP_20170818_17_55_41_Pro\" \/><\/figure><\/div><div class=\"swiper-slide\" role=\"group\" aria-roledescription=\"slide\" aria-label=\"10 von 10\"><figure class=\"swiper-slide-inner\"><img decoding=\"async\" class=\"swiper-slide-image\" src=\"https:\/\/keijtech.nl\/de\/wp-content\/uploads\/sites\/3\/2016\/02\/WP_20150110_11_58_26_Pro-768x432.jpg\" alt=\"WP_20150110_11_58_26_Pro\" \/><\/figure><\/div>\t\t\t<\/div>\n\t\t\t\t\t\t\t\t\t\t\t\t<div class=\"elementor-swiper-button elementor-swiper-button-prev\" role=\"button\" tabindex=\"0\">\n\t\t\t\t\t\t<i aria-hidden=\"true\" class=\"eicon-chevron-left\"><\/i>\t\t\t\t\t<\/div>\n\t\t\t\t\t<div class=\"elementor-swiper-button elementor-swiper-button-next\" role=\"button\" tabindex=\"0\">\n\t\t\t\t\t\t<i aria-hidden=\"true\" class=\"eicon-chevron-right\"><\/i>\t\t\t\t\t<\/div>\n\t\t\t\t\n\t\t\t\t\t\t\t\t\t<div class=\"swiper-pagination\"><\/div>\n\t\t\t\t\t\t\t\t\t<\/div>\n\t\t\t\t\t\t<\/div>\n\t\t\t\t<\/div>\n\t\t\t\t\t<\/div>\n\t\t<\/div>\n\t\t\t\t\t<\/div>\n\t\t<\/section>\n\t\t\t\t<\/div>\n\t\t","protected":false},"excerpt":{"rendered":"<p>Bootsanh\u00e4nger bei Keijtech Keijtech bietet Bootsanh\u00e4nger an von die Marken Vlemmix und Pega, welchen beide in die Niederlanden werden hergestellt. Qualitativ hochwertiger Bootsanh\u00e4nger, aber doch Preislich Interessant. Wir k\u00f6nnen Ihnen Bootsanh\u00e4nger im Bereich 1.350 \u2013 3.500 kg zul\u00e4ssigen Gesamtgewichts anbieten. Mit C.O.C. Konformit\u00e4t Erkl\u00e4rung, so einfach selbst anmelden in Deutschland. Niederlandischen Gebrauchtanh\u00e4nger sind nicht Interessant&hellip; <br \/> <a class=\"read-more\" href=\"https:\/\/keijtech.nl\/de\/boot-trailers\/\">Weiterlesen<\/a><\/p>\n","protected":false},"author":1,"featured_media":0,"parent":0,"menu_order":0,"comment_status":"closed","ping_status":"closed","template":"","meta":{"footnotes":""},"class_list":["post-14","page","type-page","status-publish","hentry"],"yoast_head":"<!-- This site is optimized with the Yoast SEO plugin v27.3 - https:\/\/yoast.com\/product\/yoast-seo-wordpress\/ -->\n<title>Boot Trailers -<\/title>\n<meta name=\"robots\" content=\"index, follow, max-snippet:-1, max-image-preview:large, max-video-preview:-1\" \/>\n<link rel=\"canonical\" href=\"https:\/\/keijtech.nl\/de\/boot-trailers\/\" \/>\n<meta property=\"og:locale\" content=\"de_DE\" \/>\n<meta property=\"og:type\" content=\"article\" \/>\n<meta property=\"og:title\" content=\"Boot Trailers -\" \/>\n<meta property=\"og:description\" content=\"Bootsanh\u00e4nger bei Keijtech Keijtech bietet Bootsanh\u00e4nger an von die Marken Vlemmix und Pega, welchen beide in die Niederlanden werden hergestellt. Qualitativ hochwertiger Bootsanh\u00e4nger, aber doch Preislich Interessant. Wir k\u00f6nnen Ihnen Bootsanh\u00e4nger im Bereich 1.350 \u2013 3.500 kg zul\u00e4ssigen Gesamtgewichts anbieten. Mit C.O.C. Konformit\u00e4t Erkl\u00e4rung, so einfach selbst anmelden in Deutschland. Niederlandischen Gebrauchtanh\u00e4nger sind nicht Interessant&hellip; Weiterlesen\" \/>\n<meta property=\"og:url\" content=\"https:\/\/keijtech.nl\/de\/boot-trailers\/\" \/>\n<meta property=\"article:modified_time\" content=\"2025-05-04T15:31:51+00:00\" \/>\n<meta property=\"og:image\" content=\"https:\/\/keijtech.nl\/de\/wp-content\/uploads\/sites\/3\/2025\/05\/IMG_5962-768x468.jpg\" \/>\n<meta name=\"twitter:card\" content=\"summary_large_image\" \/>\n<meta name=\"twitter:label1\" content=\"Gesch\u00e4tzte Lesezeit\" \/>\n\t<meta name=\"twitter:data1\" content=\"4\u00a0Minuten\" \/>\n<script type=\"application\/ld+json\" class=\"yoast-schema-graph\">{\"@context\":\"https:\\\/\\\/schema.org\",\"@graph\":[{\"@type\":\"WebPage\",\"@id\":\"https:\\\/\\\/keijtech.nl\\\/de\\\/boot-trailers\\\/\",\"url\":\"https:\\\/\\\/keijtech.nl\\\/de\\\/boot-trailers\\\/\",\"name\":\"Boot Trailers -\",\"isPartOf\":{\"@id\":\"https:\\\/\\\/keijtech.nl\\\/de\\\/#website\"},\"primaryImageOfPage\":{\"@id\":\"https:\\\/\\\/keijtech.nl\\\/de\\\/boot-trailers\\\/#primaryimage\"},\"image\":{\"@id\":\"https:\\\/\\\/keijtech.nl\\\/de\\\/boot-trailers\\\/#primaryimage\"},\"thumbnailUrl\":\"https:\\\/\\\/keijtech.nl\\\/de\\\/wp-content\\\/uploads\\\/sites\\\/3\\\/2025\\\/05\\\/IMG_5962-768x468.jpg\",\"datePublished\":\"2016-02-29T08:38:55+00:00\",\"dateModified\":\"2025-05-04T15:31:51+00:00\",\"breadcrumb\":{\"@id\":\"https:\\\/\\\/keijtech.nl\\\/de\\\/boot-trailers\\\/#breadcrumb\"},\"inLanguage\":\"de\",\"potentialAction\":[{\"@type\":\"ReadAction\",\"target\":[\"https:\\\/\\\/keijtech.nl\\\/de\\\/boot-trailers\\\/\"]}]},{\"@type\":\"ImageObject\",\"inLanguage\":\"de\",\"@id\":\"https:\\\/\\\/keijtech.nl\\\/de\\\/boot-trailers\\\/#primaryimage\",\"url\":\"https:\\\/\\\/keijtech.nl\\\/de\\\/wp-content\\\/uploads\\\/sites\\\/3\\\/2025\\\/05\\\/IMG_5962-scaled.jpg\",\"contentUrl\":\"https:\\\/\\\/keijtech.nl\\\/de\\\/wp-content\\\/uploads\\\/sites\\\/3\\\/2025\\\/05\\\/IMG_5962-scaled.jpg\",\"width\":1024,\"height\":624},{\"@type\":\"BreadcrumbList\",\"@id\":\"https:\\\/\\\/keijtech.nl\\\/de\\\/boot-trailers\\\/#breadcrumb\",\"itemListElement\":[{\"@type\":\"ListItem\",\"position\":1,\"name\":\"Home\",\"item\":\"https:\\\/\\\/keijtech.nl\\\/de\\\/\"},{\"@type\":\"ListItem\",\"position\":2,\"name\":\"Boot Trailers\"}]},{\"@type\":\"WebSite\",\"@id\":\"https:\\\/\\\/keijtech.nl\\\/de\\\/#website\",\"url\":\"https:\\\/\\\/keijtech.nl\\\/de\\\/\",\"name\":\"Keijtech.de\",\"description\":\"Keijtech Wassersport Produkte Deutschland\",\"publisher\":{\"@id\":\"https:\\\/\\\/keijtech.nl\\\/de\\\/#organization\"},\"potentialAction\":[{\"@type\":\"SearchAction\",\"target\":{\"@type\":\"EntryPoint\",\"urlTemplate\":\"https:\\\/\\\/keijtech.nl\\\/de\\\/?s={search_term_string}\"},\"query-input\":{\"@type\":\"PropertyValueSpecification\",\"valueRequired\":true,\"valueName\":\"search_term_string\"}}],\"inLanguage\":\"de\"},{\"@type\":\"Organization\",\"@id\":\"https:\\\/\\\/keijtech.nl\\\/de\\\/#organization\",\"name\":\"Keijtech\",\"url\":\"https:\\\/\\\/keijtech.nl\\\/de\\\/\",\"logo\":{\"@type\":\"ImageObject\",\"inLanguage\":\"de\",\"@id\":\"https:\\\/\\\/keijtech.nl\\\/de\\\/#\\\/schema\\\/logo\\\/image\\\/\",\"url\":\"https:\\\/\\\/keijtech.nl\\\/de\\\/wp-content\\\/uploads\\\/sites\\\/3\\\/2016\\\/02\\\/keijtech_logo_website.png\",\"contentUrl\":\"https:\\\/\\\/keijtech.nl\\\/de\\\/wp-content\\\/uploads\\\/sites\\\/3\\\/2016\\\/02\\\/keijtech_logo_website.png\",\"width\":1024,\"height\":111,\"caption\":\"Keijtech\"},\"image\":{\"@id\":\"https:\\\/\\\/keijtech.nl\\\/de\\\/#\\\/schema\\\/logo\\\/image\\\/\"}}]}<\/script>\n<!-- \/ Yoast SEO plugin. -->","yoast_head_json":{"title":"Boot Trailers -","robots":{"index":"index","follow":"follow","max-snippet":"max-snippet:-1","max-image-preview":"max-image-preview:large","max-video-preview":"max-video-preview:-1"},"canonical":"https:\/\/keijtech.nl\/de\/boot-trailers\/","og_locale":"de_DE","og_type":"article","og_title":"Boot Trailers -","og_description":"Bootsanh\u00e4nger bei Keijtech Keijtech bietet Bootsanh\u00e4nger an von die Marken Vlemmix und Pega, welchen beide in die Niederlanden werden hergestellt. Qualitativ hochwertiger Bootsanh\u00e4nger, aber doch Preislich Interessant. Wir k\u00f6nnen Ihnen Bootsanh\u00e4nger im Bereich 1.350 \u2013 3.500 kg zul\u00e4ssigen Gesamtgewichts anbieten. Mit C.O.C. Konformit\u00e4t Erkl\u00e4rung, so einfach selbst anmelden in Deutschland. Niederlandischen Gebrauchtanh\u00e4nger sind nicht Interessant&hellip; Weiterlesen","og_url":"https:\/\/keijtech.nl\/de\/boot-trailers\/","article_modified_time":"2025-05-04T15:31:51+00:00","og_image":[{"url":"https:\/\/keijtech.nl\/de\/wp-content\/uploads\/sites\/3\/2025\/05\/IMG_5962-768x468.jpg","type":"","width":"","height":""}],"twitter_card":"summary_large_image","twitter_misc":{"Gesch\u00e4tzte Lesezeit":"4\u00a0Minuten"},"schema":{"@context":"https:\/\/schema.org","@graph":[{"@type":"WebPage","@id":"https:\/\/keijtech.nl\/de\/boot-trailers\/","url":"https:\/\/keijtech.nl\/de\/boot-trailers\/","name":"Boot Trailers -","isPartOf":{"@id":"https:\/\/keijtech.nl\/de\/#website"},"primaryImageOfPage":{"@id":"https:\/\/keijtech.nl\/de\/boot-trailers\/#primaryimage"},"image":{"@id":"https:\/\/keijtech.nl\/de\/boot-trailers\/#primaryimage"},"thumbnailUrl":"https:\/\/keijtech.nl\/de\/wp-content\/uploads\/sites\/3\/2025\/05\/IMG_5962-768x468.jpg","datePublished":"2016-02-29T08:38:55+00:00","dateModified":"2025-05-04T15:31:51+00:00","breadcrumb":{"@id":"https:\/\/keijtech.nl\/de\/boot-trailers\/#breadcrumb"},"inLanguage":"de","potentialAction":[{"@type":"ReadAction","target":["https:\/\/keijtech.nl\/de\/boot-trailers\/"]}]},{"@type":"ImageObject","inLanguage":"de","@id":"https:\/\/keijtech.nl\/de\/boot-trailers\/#primaryimage","url":"https:\/\/keijtech.nl\/de\/wp-content\/uploads\/sites\/3\/2025\/05\/IMG_5962-scaled.jpg","contentUrl":"https:\/\/keijtech.nl\/de\/wp-content\/uploads\/sites\/3\/2025\/05\/IMG_5962-scaled.jpg","width":1024,"height":624},{"@type":"BreadcrumbList","@id":"https:\/\/keijtech.nl\/de\/boot-trailers\/#breadcrumb","itemListElement":[{"@type":"ListItem","position":1,"name":"Home","item":"https:\/\/keijtech.nl\/de\/"},{"@type":"ListItem","position":2,"name":"Boot Trailers"}]},{"@type":"WebSite","@id":"https:\/\/keijtech.nl\/de\/#website","url":"https:\/\/keijtech.nl\/de\/","name":"Keijtech.de","description":"Keijtech Wassersport Produkte Deutschland","publisher":{"@id":"https:\/\/keijtech.nl\/de\/#organization"},"potentialAction":[{"@type":"SearchAction","target":{"@type":"EntryPoint","urlTemplate":"https:\/\/keijtech.nl\/de\/?s={search_term_string}"},"query-input":{"@type":"PropertyValueSpecification","valueRequired":true,"valueName":"search_term_string"}}],"inLanguage":"de"},{"@type":"Organization","@id":"https:\/\/keijtech.nl\/de\/#organization","name":"Keijtech","url":"https:\/\/keijtech.nl\/de\/","logo":{"@type":"ImageObject","inLanguage":"de","@id":"https:\/\/keijtech.nl\/de\/#\/schema\/logo\/image\/","url":"https:\/\/keijtech.nl\/de\/wp-content\/uploads\/sites\/3\/2016\/02\/keijtech_logo_website.png","contentUrl":"https:\/\/keijtech.nl\/de\/wp-content\/uploads\/sites\/3\/2016\/02\/keijtech_logo_website.png","width":1024,"height":111,"caption":"Keijtech"},"image":{"@id":"https:\/\/keijtech.nl\/de\/#\/schema\/logo\/image\/"}}]}},"_links":{"self":[{"href":"https:\/\/keijtech.nl\/de\/wp-json\/wp\/v2\/pages\/14","targetHints":{"allow":["GET"]}}],"collection":[{"href":"https:\/\/keijtech.nl\/de\/wp-json\/wp\/v2\/pages"}],"about":[{"href":"https:\/\/keijtech.nl\/de\/wp-json\/wp\/v2\/types\/page"}],"author":[{"embeddable":true,"href":"https:\/\/keijtech.nl\/de\/wp-json\/wp\/v2\/users\/1"}],"replies":[{"embeddable":true,"href":"https:\/\/keijtech.nl\/de\/wp-json\/wp\/v2\/comments?post=14"}],"version-history":[{"count":0,"href":"https:\/\/keijtech.nl\/de\/wp-json\/wp\/v2\/pages\/14\/revisions"}],"wp:attachment":[{"href":"https:\/\/keijtech.nl\/de\/wp-json\/wp\/v2\/media?parent=14"}],"curies":[{"name":"wp","href":"https:\/\/api.w.org\/{rel}","templated":true}]}}