{"id":220,"date":"2016-10-04T09:53:25","date_gmt":"2016-10-04T07:53:25","guid":{"rendered":"http:\/\/keijtech.nl\/de\/?page_id=220"},"modified":"2024-12-27T11:42:05","modified_gmt":"2024-12-27T10:42:05","slug":"t-top-bimini","status":"publish","type":"page","link":"https:\/\/keijtech.nl\/de\/t-top-bimini\/","title":{"rendered":"T-top Bimini"},"content":{"rendered":"\t\t<div data-elementor-type=\"wp-page\" data-elementor-id=\"220\" class=\"elementor elementor-220\">\n\t\t\t\t\t\t<section class=\"elementor-section elementor-top-section elementor-element elementor-element-b409f78 elementor-section-boxed elementor-section-height-default elementor-section-height-default\" data-id=\"b409f78\" data-element_type=\"section\" data-e-type=\"section\">\n\t\t\t\t\t\t<div class=\"elementor-container elementor-column-gap-default\">\n\t\t\t\t\t<div class=\"elementor-column elementor-col-100 elementor-top-column elementor-element elementor-element-79a7a1d\" data-id=\"79a7a1d\" data-element_type=\"column\" data-e-type=\"column\">\n\t\t\t<div class=\"elementor-widget-wrap elementor-element-populated\">\n\t\t\t\t\t\t<div class=\"elementor-element elementor-element-885a9d4 elementor-widget elementor-widget-heading\" data-id=\"885a9d4\" data-element_type=\"widget\" data-e-type=\"widget\" data-widget_type=\"heading.default\">\n\t\t\t\t<div class=\"elementor-widget-container\">\n\t\t\t\t\t<h2 class=\"elementor-heading-title elementor-size-default\">Keijtech Luxus T-Top Bimini<\/h2>\t\t\t\t<\/div>\n\t\t\t\t<\/div>\n\t\t\t\t\t<\/div>\n\t\t<\/div>\n\t\t\t\t\t<\/div>\n\t\t<\/section>\n\t\t\t\t<section class=\"elementor-section elementor-top-section elementor-element elementor-element-0b9e5fd elementor-section-boxed elementor-section-height-default elementor-section-height-default\" data-id=\"0b9e5fd\" data-element_type=\"section\" data-e-type=\"section\">\n\t\t\t\t\t\t<div class=\"elementor-container elementor-column-gap-default\">\n\t\t\t\t\t<div class=\"elementor-column elementor-col-100 elementor-top-column elementor-element elementor-element-3958f5a\" data-id=\"3958f5a\" data-element_type=\"column\" data-e-type=\"column\">\n\t\t\t<div class=\"elementor-widget-wrap elementor-element-populated\">\n\t\t\t\t\t\t<div class=\"elementor-element elementor-element-55fa6b4 elementor-widget elementor-widget-text-editor\" data-id=\"55fa6b4\" data-element_type=\"widget\" data-e-type=\"widget\" data-widget_type=\"text-editor.default\">\n\t\t\t\t<div class=\"elementor-widget-container\">\n\t\t\t\t\t\t\t\t\t<p><strong>Neues Modell <\/strong><strong>mit 17% dickeren Wanddicke Rohrmaterial jetzt auf Lager!<br><\/strong><br>Das luxuri\u00f6se T-Top Bimini f\u00fcr Konsolenboote und Schlauchboote. Sehr stabiles Biminitop mit Konstruktion aus dickwandigen, 6061-T6 Alu Rohren mit 2 Zoll Durchmesser, ge\u00ebignet bis 80km\/h.<\/p>\n<p>Standard geliefert inklusive Verstrebung Satz, Acryl upgrade Persenning und Schweren Schellen f\u00fcr Konsolen Montage f\u00fcr Super Seitlichem Stabilit\u00e4t. <br><\/p>\n<ul>\n<li>Die Breite des T-top ist variabel bis zu einer Konsolenbreite von 1,25m einstellbar.\n<ul>\n<li>(Beim XL version maximalen Konsolenbreite 1,8m)<\/li>\n<\/ul>\n<\/li>\n<li>F\u00fcr den Transport kann das T-Top zusammengeklappt werden.<\/li>\n<li>Steh H\u00f6he unter den Bimini: 2 Meter<\/li>\n<li>Breite: 1,45 Meter,&nbsp;<\/li><li>L\u00e4nge (vorne nach Hinter auf den Boot): 1,95 Meter.<\/li>\n<\/ul>\n<ul>\n<li><strong>Preis in Aluminium Polierten Finish ohne Beschichtung EUR 1625,-<\/strong><p>Nur Blankes Polierten Alu f\u00fcr S\u00fcsswasser<\/p>\n<\/li>\n<li><strong>Preis in Schwarzen Pulver Schichtung Finish EUR 1725,-<br><\/strong>Besser best\u00e4ndig gegen Salzwasser<\/li>\n<li><strong>Preis in Anodisiertem Finish (hochglanz Silber) EUR1775,-<br><\/strong>Am besten best\u00e4ndig gegen Salzwasser<\/li>\n<li><strong>XL Version mit 2x2m Sonnentag in <\/strong><strong>Aluminium Polierten Finish ohne Beschichtung EUR1825,-<\/strong><strong><br><\/strong>Nur Blankes Polierten Alu f\u00fcr S\u00fcsswasser<\/li>\n<\/ul>\t\t\t\t\t\t\t\t<\/div>\n\t\t\t\t<\/div>\n\t\t\t\t\t<\/div>\n\t\t<\/div>\n\t\t\t\t\t<\/div>\n\t\t<\/section>\n\t\t\t\t<section class=\"elementor-section elementor-top-section elementor-element elementor-element-1697f5c elementor-section-boxed elementor-section-height-default elementor-section-height-default\" data-id=\"1697f5c\" data-element_type=\"section\" data-e-type=\"section\">\n\t\t\t\t\t\t<div class=\"elementor-container elementor-column-gap-default\">\n\t\t\t\t\t<div class=\"elementor-column elementor-col-100 elementor-top-column elementor-element elementor-element-fa3f857\" data-id=\"fa3f857\" data-element_type=\"column\" data-e-type=\"column\">\n\t\t\t<div class=\"elementor-widget-wrap elementor-element-populated\">\n\t\t\t\t\t\t<div class=\"elementor-element elementor-element-c1ed922 elementor-widget elementor-widget-video\" data-id=\"c1ed922\" data-element_type=\"widget\" data-e-type=\"widget\" data-settings=\"{&quot;youtube_url&quot;:&quot;https:\\\/\\\/youtu.be\\\/7XoNSLZ7VAM&quot;,&quot;video_type&quot;:&quot;youtube&quot;,&quot;controls&quot;:&quot;yes&quot;}\" data-widget_type=\"video.default\">\n\t\t\t\t<div class=\"elementor-widget-container\">\n\t\t\t\t\t\t\t<div class=\"elementor-wrapper elementor-open-inline\">\n\t\t\t<div class=\"elementor-video\"><\/div>\t\t<\/div>\n\t\t\t\t\t\t<\/div>\n\t\t\t\t<\/div>\n\t\t\t\t\t<\/div>\n\t\t<\/div>\n\t\t\t\t\t<\/div>\n\t\t<\/section>\n\t\t\t\t<section class=\"elementor-section elementor-top-section elementor-element elementor-element-e425a4b elementor-section-boxed elementor-section-height-default elementor-section-height-default\" data-id=\"e425a4b\" data-element_type=\"section\" data-e-type=\"section\">\n\t\t\t\t\t\t<div class=\"elementor-container elementor-column-gap-default\">\n\t\t\t\t\t<div class=\"elementor-column elementor-col-100 elementor-top-column elementor-element elementor-element-3e02e7a\" data-id=\"3e02e7a\" data-element_type=\"column\" data-e-type=\"column\">\n\t\t\t<div class=\"elementor-widget-wrap elementor-element-populated\">\n\t\t\t\t\t\t<div class=\"elementor-element elementor-element-f5838e8 elementor-arrows-position-inside elementor-pagination-position-outside elementor-widget elementor-widget-image-carousel\" data-id=\"f5838e8\" data-element_type=\"widget\" data-e-type=\"widget\" data-settings=\"{&quot;slides_to_show&quot;:&quot;1&quot;,&quot;navigation&quot;:&quot;both&quot;,&quot;autoplay&quot;:&quot;yes&quot;,&quot;pause_on_hover&quot;:&quot;yes&quot;,&quot;pause_on_interaction&quot;:&quot;yes&quot;,&quot;autoplay_speed&quot;:5000,&quot;infinite&quot;:&quot;yes&quot;,&quot;effect&quot;:&quot;slide&quot;,&quot;speed&quot;:500}\" data-widget_type=\"image-carousel.default\">\n\t\t\t\t<div class=\"elementor-widget-container\">\n\t\t\t\t\t\t\t<div class=\"elementor-image-carousel-wrapper swiper\" role=\"region\" aria-roledescription=\"carousel\" aria-label=\"Bild Karussell\" dir=\"ltr\">\n\t\t\t<div class=\"elementor-image-carousel swiper-wrapper\" aria-live=\"off\">\n\t\t\t\t\t\t\t\t<div class=\"swiper-slide\" role=\"group\" aria-roledescription=\"slide\" aria-label=\"1 von 12\"><figure class=\"swiper-slide-inner\"><img decoding=\"async\" class=\"swiper-slide-image\" src=\"https:\/\/keijtech.nl\/de\/wp-content\/uploads\/sites\/3\/2023\/12\/keijtech-ttop-bimini-2x2m-polierten-finish-768x576.jpg\" alt=\"Keijtech 2x2m Grossen T-top Bimini in Alu Polierten Finish montiert auf ein Konsolenboot.\" \/><\/figure><\/div><div class=\"swiper-slide\" role=\"group\" aria-roledescription=\"slide\" aria-label=\"2 von 12\"><figure class=\"swiper-slide-inner\"><img decoding=\"async\" class=\"swiper-slide-image\" src=\"https:\/\/keijtech.nl\/de\/wp-content\/uploads\/sites\/3\/2024\/11\/Keijtech-Ttop-2024-768x430.jpg\" alt=\"Keijtech Ttop 2024\" \/><\/figure><\/div><div class=\"swiper-slide\" role=\"group\" aria-roledescription=\"slide\" aria-label=\"3 von 12\"><figure class=\"swiper-slide-inner\"><img decoding=\"async\" class=\"swiper-slide-image\" src=\"https:\/\/keijtech.nl\/de\/wp-content\/uploads\/sites\/3\/2024\/11\/Keijtech-t-top-klappbar-DE-768x457.jpg\" alt=\"Keijtech t-top klappbar DE\" \/><\/figure><\/div><div class=\"swiper-slide\" role=\"group\" aria-roledescription=\"slide\" aria-label=\"4 von 12\"><figure class=\"swiper-slide-inner\"><img decoding=\"async\" class=\"swiper-slide-image\" src=\"https:\/\/keijtech.nl\/de\/wp-content\/uploads\/sites\/3\/2023\/01\/keijtech-t-top-schwarz-6m-rib-768x442.jpg\" alt=\"Keijtech 1,5m x 2m T-top Schwarz montiert auf 6m RIB Boot.\" \/><\/figure><\/div><div class=\"swiper-slide\" role=\"group\" aria-roledescription=\"slide\" aria-label=\"5 von 12\"><figure class=\"swiper-slide-inner\"><img decoding=\"async\" class=\"swiper-slide-image\" src=\"https:\/\/keijtech.nl\/de\/wp-content\/uploads\/sites\/3\/2024\/11\/Keijtech-T-top-Verstrebung-Satz-DE-768x521.jpg\" alt=\"Keijtech T-top Verstrebung Satz DE\" \/><\/figure><\/div><div class=\"swiper-slide\" role=\"group\" aria-roledescription=\"slide\" aria-label=\"6 von 12\"><figure class=\"swiper-slide-inner\"><img decoding=\"async\" class=\"swiper-slide-image\" src=\"https:\/\/keijtech.nl\/de\/wp-content\/uploads\/sites\/3\/2023\/12\/keijtech-ttop-bimini-schwarz-rib-1.jpg\" alt=\"Keijtech T-top bimini in Schwarz montiert auf ein RIB Boot.\" \/><\/figure><\/div><div class=\"swiper-slide\" role=\"group\" aria-roledescription=\"slide\" aria-label=\"7 von 12\"><figure class=\"swiper-slide-inner\"><img decoding=\"async\" class=\"swiper-slide-image\" src=\"https:\/\/keijtech.nl\/de\/wp-content\/uploads\/sites\/3\/2024\/11\/Keijtech-T-top-Schweren-Schelle-fur-Konsolen-montage-DE-768x576.jpg\" alt=\"Keijtech T-top Schweren Schelle f\u00fcr Konsolen montage DE\" \/><\/figure><\/div><div class=\"swiper-slide\" role=\"group\" aria-roledescription=\"slide\" aria-label=\"8 von 12\"><figure class=\"swiper-slide-inner\"><img decoding=\"async\" class=\"swiper-slide-image\" src=\"https:\/\/keijtech.nl\/de\/wp-content\/uploads\/sites\/3\/2023\/12\/IMG_3335.png\" alt=\"IMG_3335\" \/><\/figure><\/div><div class=\"swiper-slide\" role=\"group\" aria-roledescription=\"slide\" aria-label=\"9 von 12\"><figure class=\"swiper-slide-inner\"><img decoding=\"async\" class=\"swiper-slide-image\" src=\"https:\/\/keijtech.nl\/de\/wp-content\/uploads\/sites\/3\/2023\/01\/IMG_9414-768x415.jpg\" alt=\"IMG_9414\" \/><\/figure><\/div><div class=\"swiper-slide\" role=\"group\" aria-roledescription=\"slide\" aria-label=\"10 von 12\"><figure class=\"swiper-slide-inner\"><img decoding=\"async\" class=\"swiper-slide-image\" src=\"https:\/\/keijtech.nl\/de\/wp-content\/uploads\/sites\/3\/2021\/12\/20210924_172058-768x461.jpg\" alt=\"20210924_172058\" \/><\/figure><\/div><div class=\"swiper-slide\" role=\"group\" aria-roledescription=\"slide\" aria-label=\"11 von 12\"><figure class=\"swiper-slide-inner\"><img decoding=\"async\" class=\"swiper-slide-image\" src=\"https:\/\/keijtech.nl\/de\/wp-content\/uploads\/sites\/3\/2021\/12\/20210924_172125-768x461.jpg\" alt=\"20210924_172125\" \/><\/figure><\/div><div class=\"swiper-slide\" role=\"group\" aria-roledescription=\"slide\" aria-label=\"12 von 12\"><figure class=\"swiper-slide-inner\"><img decoding=\"async\" class=\"swiper-slide-image\" src=\"https:\/\/keijtech.nl\/de\/wp-content\/uploads\/sites\/3\/2023\/01\/rib-amsterdam.jpg\" alt=\"rib amsterdam\" \/><\/figure><\/div>\t\t\t<\/div>\n\t\t\t\t\t\t\t\t\t\t\t\t<div class=\"elementor-swiper-button elementor-swiper-button-prev\" role=\"button\" tabindex=\"0\">\n\t\t\t\t\t\t<i aria-hidden=\"true\" class=\"eicon-chevron-left\"><\/i>\t\t\t\t\t<\/div>\n\t\t\t\t\t<div class=\"elementor-swiper-button elementor-swiper-button-next\" role=\"button\" tabindex=\"0\">\n\t\t\t\t\t\t<i aria-hidden=\"true\" class=\"eicon-chevron-right\"><\/i>\t\t\t\t\t<\/div>\n\t\t\t\t\n\t\t\t\t\t\t\t\t\t<div class=\"swiper-pagination\"><\/div>\n\t\t\t\t\t\t\t\t\t<\/div>\n\t\t\t\t\t\t<\/div>\n\t\t\t\t<\/div>\n\t\t\t\t\t<\/div>\n\t\t<\/div>\n\t\t\t\t\t<\/div>\n\t\t<\/section>\n\t\t\t\t<\/div>\n\t\t","protected":false},"excerpt":{"rendered":"<p>Keijtech Luxus T-Top Bimini Neues Modell mit 17% dickeren Wanddicke Rohrmaterial jetzt auf Lager!Das luxuri\u00f6se T-Top Bimini f\u00fcr Konsolenboote und Schlauchboote. Sehr stabiles Biminitop mit Konstruktion aus dickwandigen, 6061-T6 Alu Rohren mit 2 Zoll Durchmesser, ge\u00ebignet bis 80km\/h. Standard geliefert inklusive Verstrebung Satz, Acryl upgrade Persenning und Schweren Schellen f\u00fcr Konsolen Montage f\u00fcr Super Seitlichem&hellip; <br \/> <a class=\"read-more\" href=\"https:\/\/keijtech.nl\/de\/t-top-bimini\/\">Weiterlesen<\/a><\/p>\n","protected":false},"author":1,"featured_media":0,"parent":0,"menu_order":0,"comment_status":"closed","ping_status":"closed","template":"","meta":{"footnotes":""},"class_list":["post-220","page","type-page","status-publish","hentry"],"yoast_head":"<!-- This site is optimized with the Yoast SEO plugin v27.3 - https:\/\/yoast.com\/product\/yoast-seo-wordpress\/ -->\n<title>Keijtech T-top bimini f\u00fcr RIB - Konsolenboot, Stabil und Preiswert<\/title>\n<meta name=\"description\" content=\"Der Keijtech T-top bimini f\u00fcr RIB und Konsolenboot. Stilvoll, Stark und Stabil f\u00fcr ein Super Preise. Immer auf Lager auf unsern Bootsfirma.\" \/>\n<meta name=\"robots\" content=\"index, follow, max-snippet:-1, max-image-preview:large, max-video-preview:-1\" \/>\n<link rel=\"canonical\" href=\"https:\/\/keijtech.nl\/de\/t-top-bimini\/\" \/>\n<meta property=\"og:locale\" content=\"de_DE\" \/>\n<meta property=\"og:type\" content=\"article\" \/>\n<meta property=\"og:title\" content=\"Keijtech T-top bimini f\u00fcr RIB - Konsolenboot, Stabil und Preiswert\" \/>\n<meta property=\"og:description\" content=\"Der Keijtech T-top bimini f\u00fcr RIB und Konsolenboot. Stilvoll, Stark und Stabil f\u00fcr ein Super Preise. Immer auf Lager auf unsern Bootsfirma.\" \/>\n<meta property=\"og:url\" content=\"https:\/\/keijtech.nl\/de\/t-top-bimini\/\" \/>\n<meta property=\"article:modified_time\" content=\"2024-12-27T10:42:05+00:00\" \/>\n<meta property=\"og:image\" content=\"https:\/\/keijtech.nl\/de\/wp-content\/uploads\/sites\/3\/2023\/12\/keijtech-ttop-bimini-2x2m-polierten-finish-768x576.jpg\" \/>\n<meta name=\"twitter:card\" content=\"summary_large_image\" \/>\n<meta name=\"twitter:label1\" content=\"Gesch\u00e4tzte Lesezeit\" \/>\n\t<meta name=\"twitter:data1\" content=\"4\u00a0Minuten\" \/>\n<script type=\"application\/ld+json\" class=\"yoast-schema-graph\">{\"@context\":\"https:\\\/\\\/schema.org\",\"@graph\":[{\"@type\":\"WebPage\",\"@id\":\"https:\\\/\\\/keijtech.nl\\\/de\\\/t-top-bimini\\\/\",\"url\":\"https:\\\/\\\/keijtech.nl\\\/de\\\/t-top-bimini\\\/\",\"name\":\"Keijtech T-top bimini f\u00fcr RIB - Konsolenboot, Stabil und Preiswert\",\"isPartOf\":{\"@id\":\"https:\\\/\\\/keijtech.nl\\\/de\\\/#website\"},\"primaryImageOfPage\":{\"@id\":\"https:\\\/\\\/keijtech.nl\\\/de\\\/t-top-bimini\\\/#primaryimage\"},\"image\":{\"@id\":\"https:\\\/\\\/keijtech.nl\\\/de\\\/t-top-bimini\\\/#primaryimage\"},\"thumbnailUrl\":\"https:\\\/\\\/keijtech.nl\\\/de\\\/wp-content\\\/uploads\\\/sites\\\/3\\\/2023\\\/12\\\/keijtech-ttop-bimini-2x2m-polierten-finish-768x576.jpg\",\"datePublished\":\"2016-10-04T07:53:25+00:00\",\"dateModified\":\"2024-12-27T10:42:05+00:00\",\"description\":\"Der Keijtech T-top bimini f\u00fcr RIB und Konsolenboot. Stilvoll, Stark und Stabil f\u00fcr ein Super Preise. Immer auf Lager auf unsern Bootsfirma.\",\"breadcrumb\":{\"@id\":\"https:\\\/\\\/keijtech.nl\\\/de\\\/t-top-bimini\\\/#breadcrumb\"},\"inLanguage\":\"de\",\"potentialAction\":[{\"@type\":\"ReadAction\",\"target\":[\"https:\\\/\\\/keijtech.nl\\\/de\\\/t-top-bimini\\\/\"]}]},{\"@type\":\"ImageObject\",\"inLanguage\":\"de\",\"@id\":\"https:\\\/\\\/keijtech.nl\\\/de\\\/t-top-bimini\\\/#primaryimage\",\"url\":\"https:\\\/\\\/keijtech.nl\\\/de\\\/wp-content\\\/uploads\\\/sites\\\/3\\\/2023\\\/12\\\/keijtech-ttop-bimini-2x2m-polierten-finish.jpg\",\"contentUrl\":\"https:\\\/\\\/keijtech.nl\\\/de\\\/wp-content\\\/uploads\\\/sites\\\/3\\\/2023\\\/12\\\/keijtech-ttop-bimini-2x2m-polierten-finish.jpg\",\"width\":1024,\"height\":768,\"caption\":\"Keijtech 2x2m Grossen T-top Bimini in Alu Polierten Finish montiert auf ein Konsolenboot.\"},{\"@type\":\"BreadcrumbList\",\"@id\":\"https:\\\/\\\/keijtech.nl\\\/de\\\/t-top-bimini\\\/#breadcrumb\",\"itemListElement\":[{\"@type\":\"ListItem\",\"position\":1,\"name\":\"Home\",\"item\":\"https:\\\/\\\/keijtech.nl\\\/de\\\/\"},{\"@type\":\"ListItem\",\"position\":2,\"name\":\"T-top Bimini\"}]},{\"@type\":\"WebSite\",\"@id\":\"https:\\\/\\\/keijtech.nl\\\/de\\\/#website\",\"url\":\"https:\\\/\\\/keijtech.nl\\\/de\\\/\",\"name\":\"Keijtech.de\",\"description\":\"Keijtech Wassersport Produkte Deutschland\",\"publisher\":{\"@id\":\"https:\\\/\\\/keijtech.nl\\\/de\\\/#organization\"},\"potentialAction\":[{\"@type\":\"SearchAction\",\"target\":{\"@type\":\"EntryPoint\",\"urlTemplate\":\"https:\\\/\\\/keijtech.nl\\\/de\\\/?s={search_term_string}\"},\"query-input\":{\"@type\":\"PropertyValueSpecification\",\"valueRequired\":true,\"valueName\":\"search_term_string\"}}],\"inLanguage\":\"de\"},{\"@type\":\"Organization\",\"@id\":\"https:\\\/\\\/keijtech.nl\\\/de\\\/#organization\",\"name\":\"Keijtech\",\"url\":\"https:\\\/\\\/keijtech.nl\\\/de\\\/\",\"logo\":{\"@type\":\"ImageObject\",\"inLanguage\":\"de\",\"@id\":\"https:\\\/\\\/keijtech.nl\\\/de\\\/#\\\/schema\\\/logo\\\/image\\\/\",\"url\":\"https:\\\/\\\/keijtech.nl\\\/de\\\/wp-content\\\/uploads\\\/sites\\\/3\\\/2016\\\/02\\\/keijtech_logo_website.png\",\"contentUrl\":\"https:\\\/\\\/keijtech.nl\\\/de\\\/wp-content\\\/uploads\\\/sites\\\/3\\\/2016\\\/02\\\/keijtech_logo_website.png\",\"width\":1024,\"height\":111,\"caption\":\"Keijtech\"},\"image\":{\"@id\":\"https:\\\/\\\/keijtech.nl\\\/de\\\/#\\\/schema\\\/logo\\\/image\\\/\"}}]}<\/script>\n<!-- \/ Yoast SEO plugin. -->","yoast_head_json":{"title":"Keijtech T-top bimini f\u00fcr RIB - Konsolenboot, Stabil und Preiswert","description":"Der Keijtech T-top bimini f\u00fcr RIB und Konsolenboot. Stilvoll, Stark und Stabil f\u00fcr ein Super Preise. Immer auf Lager auf unsern Bootsfirma.","robots":{"index":"index","follow":"follow","max-snippet":"max-snippet:-1","max-image-preview":"max-image-preview:large","max-video-preview":"max-video-preview:-1"},"canonical":"https:\/\/keijtech.nl\/de\/t-top-bimini\/","og_locale":"de_DE","og_type":"article","og_title":"Keijtech T-top bimini f\u00fcr RIB - Konsolenboot, Stabil und Preiswert","og_description":"Der Keijtech T-top bimini f\u00fcr RIB und Konsolenboot. Stilvoll, Stark und Stabil f\u00fcr ein Super Preise. Immer auf Lager auf unsern Bootsfirma.","og_url":"https:\/\/keijtech.nl\/de\/t-top-bimini\/","article_modified_time":"2024-12-27T10:42:05+00:00","og_image":[{"url":"https:\/\/keijtech.nl\/de\/wp-content\/uploads\/sites\/3\/2023\/12\/keijtech-ttop-bimini-2x2m-polierten-finish-768x576.jpg","type":"","width":"","height":""}],"twitter_card":"summary_large_image","twitter_misc":{"Gesch\u00e4tzte Lesezeit":"4\u00a0Minuten"},"schema":{"@context":"https:\/\/schema.org","@graph":[{"@type":"WebPage","@id":"https:\/\/keijtech.nl\/de\/t-top-bimini\/","url":"https:\/\/keijtech.nl\/de\/t-top-bimini\/","name":"Keijtech T-top bimini f\u00fcr RIB - Konsolenboot, Stabil und Preiswert","isPartOf":{"@id":"https:\/\/keijtech.nl\/de\/#website"},"primaryImageOfPage":{"@id":"https:\/\/keijtech.nl\/de\/t-top-bimini\/#primaryimage"},"image":{"@id":"https:\/\/keijtech.nl\/de\/t-top-bimini\/#primaryimage"},"thumbnailUrl":"https:\/\/keijtech.nl\/de\/wp-content\/uploads\/sites\/3\/2023\/12\/keijtech-ttop-bimini-2x2m-polierten-finish-768x576.jpg","datePublished":"2016-10-04T07:53:25+00:00","dateModified":"2024-12-27T10:42:05+00:00","description":"Der Keijtech T-top bimini f\u00fcr RIB und Konsolenboot. Stilvoll, Stark und Stabil f\u00fcr ein Super Preise. Immer auf Lager auf unsern Bootsfirma.","breadcrumb":{"@id":"https:\/\/keijtech.nl\/de\/t-top-bimini\/#breadcrumb"},"inLanguage":"de","potentialAction":[{"@type":"ReadAction","target":["https:\/\/keijtech.nl\/de\/t-top-bimini\/"]}]},{"@type":"ImageObject","inLanguage":"de","@id":"https:\/\/keijtech.nl\/de\/t-top-bimini\/#primaryimage","url":"https:\/\/keijtech.nl\/de\/wp-content\/uploads\/sites\/3\/2023\/12\/keijtech-ttop-bimini-2x2m-polierten-finish.jpg","contentUrl":"https:\/\/keijtech.nl\/de\/wp-content\/uploads\/sites\/3\/2023\/12\/keijtech-ttop-bimini-2x2m-polierten-finish.jpg","width":1024,"height":768,"caption":"Keijtech 2x2m Grossen T-top Bimini in Alu Polierten Finish montiert auf ein Konsolenboot."},{"@type":"BreadcrumbList","@id":"https:\/\/keijtech.nl\/de\/t-top-bimini\/#breadcrumb","itemListElement":[{"@type":"ListItem","position":1,"name":"Home","item":"https:\/\/keijtech.nl\/de\/"},{"@type":"ListItem","position":2,"name":"T-top Bimini"}]},{"@type":"WebSite","@id":"https:\/\/keijtech.nl\/de\/#website","url":"https:\/\/keijtech.nl\/de\/","name":"Keijtech.de","description":"Keijtech Wassersport Produkte Deutschland","publisher":{"@id":"https:\/\/keijtech.nl\/de\/#organization"},"potentialAction":[{"@type":"SearchAction","target":{"@type":"EntryPoint","urlTemplate":"https:\/\/keijtech.nl\/de\/?s={search_term_string}"},"query-input":{"@type":"PropertyValueSpecification","valueRequired":true,"valueName":"search_term_string"}}],"inLanguage":"de"},{"@type":"Organization","@id":"https:\/\/keijtech.nl\/de\/#organization","name":"Keijtech","url":"https:\/\/keijtech.nl\/de\/","logo":{"@type":"ImageObject","inLanguage":"de","@id":"https:\/\/keijtech.nl\/de\/#\/schema\/logo\/image\/","url":"https:\/\/keijtech.nl\/de\/wp-content\/uploads\/sites\/3\/2016\/02\/keijtech_logo_website.png","contentUrl":"https:\/\/keijtech.nl\/de\/wp-content\/uploads\/sites\/3\/2016\/02\/keijtech_logo_website.png","width":1024,"height":111,"caption":"Keijtech"},"image":{"@id":"https:\/\/keijtech.nl\/de\/#\/schema\/logo\/image\/"}}]}},"_links":{"self":[{"href":"https:\/\/keijtech.nl\/de\/wp-json\/wp\/v2\/pages\/220","targetHints":{"allow":["GET"]}}],"collection":[{"href":"https:\/\/keijtech.nl\/de\/wp-json\/wp\/v2\/pages"}],"about":[{"href":"https:\/\/keijtech.nl\/de\/wp-json\/wp\/v2\/types\/page"}],"author":[{"embeddable":true,"href":"https:\/\/keijtech.nl\/de\/wp-json\/wp\/v2\/users\/1"}],"replies":[{"embeddable":true,"href":"https:\/\/keijtech.nl\/de\/wp-json\/wp\/v2\/comments?post=220"}],"version-history":[{"count":0,"href":"https:\/\/keijtech.nl\/de\/wp-json\/wp\/v2\/pages\/220\/revisions"}],"wp:attachment":[{"href":"https:\/\/keijtech.nl\/de\/wp-json\/wp\/v2\/media?parent=220"}],"curies":[{"name":"wp","href":"https:\/\/api.w.org\/{rel}","templated":true}]}}