{"id":276,"date":"2017-01-08T14:40:29","date_gmt":"2017-01-08T13:40:29","guid":{"rendered":"http:\/\/keijtech.nl\/de\/?page_id=276"},"modified":"2024-12-27T10:48:22","modified_gmt":"2024-12-27T09:48:22","slug":"keijtech-forward-tower","status":"publish","type":"page","link":"https:\/\/keijtech.nl\/de\/keijtech-forward-tower\/","title":{"rendered":"KEIJTECH Forward Tower"},"content":{"rendered":"\t\t<div data-elementor-type=\"wp-page\" data-elementor-id=\"276\" class=\"elementor elementor-276\">\n\t\t\t\t\t\t<section class=\"elementor-section elementor-top-section elementor-element elementor-element-d5198d7 elementor-section-boxed elementor-section-height-default elementor-section-height-default\" data-id=\"d5198d7\" data-element_type=\"section\" data-e-type=\"section\">\n\t\t\t\t\t\t<div class=\"elementor-container elementor-column-gap-default\">\n\t\t\t\t\t<div class=\"elementor-column elementor-col-100 elementor-top-column elementor-element elementor-element-450b3fd\" data-id=\"450b3fd\" data-element_type=\"column\" data-e-type=\"column\">\n\t\t\t<div class=\"elementor-widget-wrap elementor-element-populated\">\n\t\t\t\t\t\t<div class=\"elementor-element elementor-element-b3c86c9 elementor-widget elementor-widget-heading\" data-id=\"b3c86c9\" data-element_type=\"widget\" data-e-type=\"widget\" data-widget_type=\"heading.default\">\n\t\t\t\t<div class=\"elementor-widget-container\">\n\t\t\t\t\t<h2 class=\"elementor-heading-title elementor-size-default\">Keijtech Forward Tower<\/h2>\t\t\t\t<\/div>\n\t\t\t\t<\/div>\n\t\t\t\t\t<\/div>\n\t\t<\/div>\n\t\t\t\t\t<\/div>\n\t\t<\/section>\n\t\t\t\t<section class=\"elementor-section elementor-top-section elementor-element elementor-element-849efea elementor-section-boxed elementor-section-height-default elementor-section-height-default\" data-id=\"849efea\" data-element_type=\"section\" data-e-type=\"section\">\n\t\t\t\t\t\t<div class=\"elementor-container elementor-column-gap-default\">\n\t\t\t\t\t<div class=\"elementor-column elementor-col-100 elementor-top-column elementor-element elementor-element-272eaae\" data-id=\"272eaae\" data-element_type=\"column\" data-e-type=\"column\">\n\t\t\t<div class=\"elementor-widget-wrap elementor-element-populated\">\n\t\t\t\t\t\t<div class=\"elementor-element elementor-element-a076eb4 elementor-widget elementor-widget-text-editor\" data-id=\"a076eb4\" data-element_type=\"widget\" data-e-type=\"widget\" data-widget_type=\"text-editor.default\">\n\t\t\t\t<div class=\"elementor-widget-container\">\n\t\t\t\t\t\t\t\t\t<p><\/p>\n<p>Der Keijtech Forward Tower ist der nach vorne geneigte Tower, und das Topmodell aus der Keijtech Produktline. Dieser design-orientierte Wakeboardtower ist dem neuesten Trend und finden sie vielleicht auf Mastercraft und Nautique Boote.<\/p>\n<p>Weil den Forward Tower aussieht sowie ein Radarb\u00fcgel \/ &#8222;Radar Arch&#8220; auf gr\u00f6\u00dferen Speedboote und Cruisers, sieht es auch gut aus auf Boote bis zu einer L\u00e4nge von +-8 Meter.<\/p>\n<p><a href=\"https:\/\/keijtech.nl\/de\/wakeboardtowers\/\">F\u00fcr eine allgemeine Information zu unseren Wakeboard \u2013 Towern klicken Sie bitte hier<\/a>.<\/p>\n\n<p>Er war Super Stabil wegen den 2,25Zoll Doppelrohr Konstruktion, Klappbar und passt auf jedes Boot von 1,8 bis 2,6 Meter Breite und hat eine Stehh\u00f6he von etwa 2 Meter, sodass man bequem unter dem Wakeboard \u2013 Tower stehen kann.<\/p>\n<ul>\n<li><strong><strong>Den KEIJTECH Forward Tower kostet in Weiss oder Schwarzen Pulverbeschichtung Finish EUR 1399,- ohne Zubeh\u00f6r<\/strong><\/strong>\n<p><\/p>\n<\/li>\n<li><strong>Satzpreise f\u00fcr Forward Tower Inkl. 2x Standard Wakeboardrack und 2x Quick Lock Hingen kostet EUR1849,- (EUR146,- Rabatt)<\/strong><\/li><li><b>Ein 2x2m Biminitop kostet EUR599,- Aufpreis.<\/b> <br><\/li>\n<\/ul>\n<p><a href=\"https:\/\/keijtech.nl\/de\/tower-zubehor\/\">F\u00fcr kompatibles Zubeh\u00f6r wie Boardracks, Biminitops und Tower Speaker klicken Sie bitte hier<\/a>.<\/p>\t\t\t\t\t\t\t\t<\/div>\n\t\t\t\t<\/div>\n\t\t\t\t\t<\/div>\n\t\t<\/div>\n\t\t\t\t\t<\/div>\n\t\t<\/section>\n\t\t\t\t<section class=\"elementor-section elementor-top-section elementor-element elementor-element-df92be4 elementor-section-boxed elementor-section-height-default elementor-section-height-default\" data-id=\"df92be4\" data-element_type=\"section\" data-e-type=\"section\">\n\t\t\t\t\t\t<div class=\"elementor-container elementor-column-gap-default\">\n\t\t\t\t\t<div class=\"elementor-column elementor-col-100 elementor-top-column elementor-element elementor-element-a628ea6\" data-id=\"a628ea6\" data-element_type=\"column\" data-e-type=\"column\">\n\t\t\t<div class=\"elementor-widget-wrap elementor-element-populated\">\n\t\t\t\t\t\t<div class=\"elementor-element elementor-element-26729d3 elementor-arrows-position-inside elementor-pagination-position-outside elementor-widget elementor-widget-image-carousel\" data-id=\"26729d3\" data-element_type=\"widget\" data-e-type=\"widget\" data-settings=\"{&quot;slides_to_show&quot;:&quot;1&quot;,&quot;effect&quot;:&quot;fade&quot;,&quot;navigation&quot;:&quot;both&quot;,&quot;autoplay&quot;:&quot;yes&quot;,&quot;pause_on_hover&quot;:&quot;yes&quot;,&quot;pause_on_interaction&quot;:&quot;yes&quot;,&quot;autoplay_speed&quot;:5000,&quot;infinite&quot;:&quot;yes&quot;,&quot;speed&quot;:500}\" data-widget_type=\"image-carousel.default\">\n\t\t\t\t<div class=\"elementor-widget-container\">\n\t\t\t\t\t\t\t<div class=\"elementor-image-carousel-wrapper swiper\" role=\"region\" aria-roledescription=\"carousel\" aria-label=\"Bild Karussell\" dir=\"ltr\">\n\t\t\t<div class=\"elementor-image-carousel swiper-wrapper\" aria-live=\"off\">\n\t\t\t\t\t\t\t\t<div class=\"swiper-slide\" role=\"group\" aria-roledescription=\"slide\" aria-label=\"1 von 14\"><figure class=\"swiper-slide-inner\"><img decoding=\"async\" class=\"swiper-slide-image\" src=\"https:\/\/keijtech.nl\/de\/wp-content\/uploads\/sites\/3\/2023\/04\/keijtech-forward-tower-gemonteerd-zij-aanzicht-2-1-768x393.jpg\" alt=\"keijtech forward tower gemonteerd zij aanzicht 2\" \/><\/figure><\/div><div class=\"swiper-slide\" role=\"group\" aria-roledescription=\"slide\" aria-label=\"2 von 14\"><figure class=\"swiper-slide-inner\"><img decoding=\"async\" class=\"swiper-slide-image\" src=\"https:\/\/keijtech.nl\/de\/wp-content\/uploads\/sites\/3\/2024\/07\/forward-tower-big-boat2-768x398.jpg\" alt=\"forward tower big boat2\" \/><\/figure><\/div><div class=\"swiper-slide\" role=\"group\" aria-roledescription=\"slide\" aria-label=\"3 von 14\"><figure class=\"swiper-slide-inner\"><img decoding=\"async\" class=\"swiper-slide-image\" src=\"https:\/\/keijtech.nl\/de\/wp-content\/uploads\/sites\/3\/2024\/07\/forward-tower-big-boat-768x441.jpg\" alt=\"forward tower big boat\" \/><\/figure><\/div><div class=\"swiper-slide\" role=\"group\" aria-roledescription=\"slide\" aria-label=\"4 von 14\"><figure class=\"swiper-slide-inner\"><img decoding=\"async\" class=\"swiper-slide-image\" src=\"https:\/\/keijtech.nl\/de\/wp-content\/uploads\/sites\/3\/2023\/04\/keijtech-forward-tower-gemonteerd-schuin-achter-768x462.jpg\" alt=\"keijtech forward tower gemonteerd schuin achter\" \/><\/figure><\/div><div class=\"swiper-slide\" role=\"group\" aria-roledescription=\"slide\" aria-label=\"5 von 14\"><figure class=\"swiper-slide-inner\"><img decoding=\"async\" class=\"swiper-slide-image\" src=\"https:\/\/keijtech.nl\/de\/wp-content\/uploads\/sites\/3\/2024\/07\/forward-tower-small-boat-768x480.jpg\" alt=\"forward tower small boat\" \/><\/figure><\/div><div class=\"swiper-slide\" role=\"group\" aria-roledescription=\"slide\" aria-label=\"6 von 14\"><figure class=\"swiper-slide-inner\"><img decoding=\"async\" class=\"swiper-slide-image\" src=\"https:\/\/keijtech.nl\/de\/wp-content\/uploads\/sites\/3\/2023\/04\/keijtech-forward-tower-gemonteerd-zij-aanzicht-4-768x471.jpg\" alt=\"keijtech forward tower gemonteerd zij aanzicht 4\" \/><\/figure><\/div><div class=\"swiper-slide\" role=\"group\" aria-roledescription=\"slide\" aria-label=\"7 von 14\"><figure class=\"swiper-slide-inner\"><img decoding=\"async\" class=\"swiper-slide-image\" src=\"https:\/\/keijtech.nl\/de\/wp-content\/uploads\/sites\/3\/2023\/04\/keijtech-forward-tower-gemonteerd-zij-aanzicht-768x400.jpg\" alt=\"keijtech forward tower gemonteerd zij aanzicht\" \/><\/figure><\/div><div class=\"swiper-slide\" role=\"group\" aria-roledescription=\"slide\" aria-label=\"8 von 14\"><figure class=\"swiper-slide-inner\"><img decoding=\"async\" class=\"swiper-slide-image\" src=\"https:\/\/keijtech.nl\/de\/wp-content\/uploads\/sites\/3\/2023\/04\/keijtech-forward-tower-gemonteerd-1-768x432.jpg\" alt=\"keijtech forward tower gemonteerd\" \/><\/figure><\/div><div class=\"swiper-slide\" role=\"group\" aria-roledescription=\"slide\" aria-label=\"9 von 14\"><figure class=\"swiper-slide-inner\"><img decoding=\"async\" class=\"swiper-slide-image\" src=\"https:\/\/keijtech.nl\/de\/wp-content\/uploads\/sites\/3\/2024\/07\/forward-tower-with-bimini-768x477.jpg\" alt=\"forward tower with bimini\" \/><\/figure><\/div><div class=\"swiper-slide\" role=\"group\" aria-roledescription=\"slide\" aria-label=\"10 von 14\"><figure class=\"swiper-slide-inner\"><img decoding=\"async\" class=\"swiper-slide-image\" src=\"https:\/\/keijtech.nl\/de\/wp-content\/uploads\/sites\/3\/2023\/04\/keijtech-forward-tower-quick-lock-scharnierend-rack-768x448.jpg\" alt=\"keijtech forward tower quick lock scharnierend rack\" \/><\/figure><\/div><div class=\"swiper-slide\" role=\"group\" aria-roledescription=\"slide\" aria-label=\"11 von 14\"><figure class=\"swiper-slide-inner\"><img decoding=\"async\" class=\"swiper-slide-image\" src=\"https:\/\/keijtech.nl\/de\/wp-content\/uploads\/sites\/3\/2023\/04\/keijtech-forward-tower-quick-lock-scharnierend-rack3-768x443.jpg\" alt=\"keijtech forward tower quick lock scharnierend rack3\" \/><\/figure><\/div><div class=\"swiper-slide\" role=\"group\" aria-roledescription=\"slide\" aria-label=\"12 von 14\"><figure class=\"swiper-slide-inner\"><img decoding=\"async\" class=\"swiper-slide-image\" src=\"https:\/\/keijtech.nl\/de\/wp-content\/uploads\/sites\/3\/2023\/04\/keijtech-forward-tower-recht-achter-768x499.jpg\" alt=\"keijtech forward tower recht achter\" \/><\/figure><\/div><div class=\"swiper-slide\" role=\"group\" aria-roledescription=\"slide\" aria-label=\"13 von 14\"><figure class=\"swiper-slide-inner\"><img decoding=\"async\" class=\"swiper-slide-image\" src=\"https:\/\/keijtech.nl\/de\/wp-content\/uploads\/sites\/3\/2023\/04\/keijtech-forward-tower-schuin-achter-768x494.jpg\" alt=\"keijtech forward tower schuin achter\" \/><\/figure><\/div><div class=\"swiper-slide\" role=\"group\" aria-roledescription=\"slide\" aria-label=\"14 von 14\"><figure class=\"swiper-slide-inner\"><img decoding=\"async\" class=\"swiper-slide-image\" src=\"https:\/\/keijtech.nl\/de\/wp-content\/uploads\/sites\/3\/2023\/04\/keijtech-forward-tower-schuin-voor-2-768x421.jpg\" alt=\"keijtech forward tower schuin voor 2\" \/><\/figure><\/div>\t\t\t<\/div>\n\t\t\t\t\t\t\t\t\t\t\t\t<div class=\"elementor-swiper-button elementor-swiper-button-prev\" role=\"button\" tabindex=\"0\">\n\t\t\t\t\t\t<i aria-hidden=\"true\" class=\"eicon-chevron-left\"><\/i>\t\t\t\t\t<\/div>\n\t\t\t\t\t<div class=\"elementor-swiper-button elementor-swiper-button-next\" role=\"button\" tabindex=\"0\">\n\t\t\t\t\t\t<i aria-hidden=\"true\" class=\"eicon-chevron-right\"><\/i>\t\t\t\t\t<\/div>\n\t\t\t\t\n\t\t\t\t\t\t\t\t\t<div class=\"swiper-pagination\"><\/div>\n\t\t\t\t\t\t\t\t\t<\/div>\n\t\t\t\t\t\t<\/div>\n\t\t\t\t<\/div>\n\t\t\t\t\t<\/div>\n\t\t<\/div>\n\t\t\t\t\t<\/div>\n\t\t<\/section>\n\t\t\t\t<\/div>\n\t\t","protected":false},"excerpt":{"rendered":"<p>Keijtech Forward Tower Der Keijtech Forward Tower ist der nach vorne geneigte Tower, und das Topmodell aus der Keijtech Produktline. Dieser design-orientierte Wakeboardtower ist dem neuesten Trend und finden sie vielleicht auf Mastercraft und Nautique Boote. Weil den Forward Tower aussieht sowie ein Radarb\u00fcgel \/ &#8222;Radar Arch&#8220; auf gr\u00f6\u00dferen Speedboote und Cruisers, sieht es auch&hellip; <br \/> <a class=\"read-more\" href=\"https:\/\/keijtech.nl\/de\/keijtech-forward-tower\/\">Weiterlesen<\/a><\/p>\n","protected":false},"author":1,"featured_media":0,"parent":0,"menu_order":0,"comment_status":"closed","ping_status":"closed","template":"","meta":{"footnotes":""},"class_list":["post-276","page","type-page","status-publish","hentry"],"yoast_head":"<!-- This site is optimized with the Yoast SEO plugin v27.3 - https:\/\/yoast.com\/product\/yoast-seo-wordpress\/ -->\n<title>KEIJTECH Forward Tower -<\/title>\n<meta name=\"description\" content=\"Der Neuen Topmodell von Keijtech Wakeboardtower Linie: Der Forward Wakeboard Tower. Sehr Stabil und Super Kombi Preise mit klappbare Racks.\" \/>\n<meta name=\"robots\" content=\"index, follow, max-snippet:-1, max-image-preview:large, max-video-preview:-1\" \/>\n<link rel=\"canonical\" href=\"https:\/\/keijtech.nl\/de\/keijtech-forward-tower\/\" \/>\n<meta property=\"og:locale\" content=\"de_DE\" \/>\n<meta property=\"og:type\" content=\"article\" \/>\n<meta property=\"og:title\" content=\"KEIJTECH Forward Tower -\" \/>\n<meta property=\"og:description\" content=\"Der Neuen Topmodell von Keijtech Wakeboardtower Linie: Der Forward Wakeboard Tower. Sehr Stabil und Super Kombi Preise mit klappbare Racks.\" \/>\n<meta property=\"og:url\" content=\"https:\/\/keijtech.nl\/de\/keijtech-forward-tower\/\" \/>\n<meta property=\"article:modified_time\" content=\"2024-12-27T09:48:22+00:00\" \/>\n<meta property=\"og:image\" content=\"https:\/\/keijtech.nl\/de\/wp-content\/uploads\/sites\/3\/2023\/04\/keijtech-forward-tower-gemonteerd-zij-aanzicht-2-1-768x393.jpg\" \/>\n<meta name=\"twitter:card\" content=\"summary_large_image\" \/>\n<meta name=\"twitter:label1\" content=\"Gesch\u00e4tzte Lesezeit\" \/>\n\t<meta name=\"twitter:data1\" content=\"5\u00a0Minuten\" \/>\n<script type=\"application\/ld+json\" class=\"yoast-schema-graph\">{\"@context\":\"https:\\\/\\\/schema.org\",\"@graph\":[{\"@type\":\"WebPage\",\"@id\":\"https:\\\/\\\/keijtech.nl\\\/de\\\/keijtech-forward-tower\\\/\",\"url\":\"https:\\\/\\\/keijtech.nl\\\/de\\\/keijtech-forward-tower\\\/\",\"name\":\"KEIJTECH Forward Tower -\",\"isPartOf\":{\"@id\":\"https:\\\/\\\/keijtech.nl\\\/de\\\/#website\"},\"primaryImageOfPage\":{\"@id\":\"https:\\\/\\\/keijtech.nl\\\/de\\\/keijtech-forward-tower\\\/#primaryimage\"},\"image\":{\"@id\":\"https:\\\/\\\/keijtech.nl\\\/de\\\/keijtech-forward-tower\\\/#primaryimage\"},\"thumbnailUrl\":\"https:\\\/\\\/keijtech.nl\\\/de\\\/wp-content\\\/uploads\\\/sites\\\/3\\\/2023\\\/04\\\/keijtech-forward-tower-gemonteerd-zij-aanzicht-2-1-768x393.jpg\",\"datePublished\":\"2017-01-08T13:40:29+00:00\",\"dateModified\":\"2024-12-27T09:48:22+00:00\",\"description\":\"Der Neuen Topmodell von Keijtech Wakeboardtower Linie: Der Forward Wakeboard Tower. Sehr Stabil und Super Kombi Preise mit klappbare Racks.\",\"breadcrumb\":{\"@id\":\"https:\\\/\\\/keijtech.nl\\\/de\\\/keijtech-forward-tower\\\/#breadcrumb\"},\"inLanguage\":\"de\",\"potentialAction\":[{\"@type\":\"ReadAction\",\"target\":[\"https:\\\/\\\/keijtech.nl\\\/de\\\/keijtech-forward-tower\\\/\"]}]},{\"@type\":\"ImageObject\",\"inLanguage\":\"de\",\"@id\":\"https:\\\/\\\/keijtech.nl\\\/de\\\/keijtech-forward-tower\\\/#primaryimage\",\"url\":\"https:\\\/\\\/keijtech.nl\\\/de\\\/wp-content\\\/uploads\\\/sites\\\/3\\\/2023\\\/04\\\/keijtech-forward-tower-gemonteerd-zij-aanzicht-2-1-scaled.jpg\",\"contentUrl\":\"https:\\\/\\\/keijtech.nl\\\/de\\\/wp-content\\\/uploads\\\/sites\\\/3\\\/2023\\\/04\\\/keijtech-forward-tower-gemonteerd-zij-aanzicht-2-1-scaled.jpg\",\"width\":1024,\"height\":524},{\"@type\":\"BreadcrumbList\",\"@id\":\"https:\\\/\\\/keijtech.nl\\\/de\\\/keijtech-forward-tower\\\/#breadcrumb\",\"itemListElement\":[{\"@type\":\"ListItem\",\"position\":1,\"name\":\"Home\",\"item\":\"https:\\\/\\\/keijtech.nl\\\/de\\\/\"},{\"@type\":\"ListItem\",\"position\":2,\"name\":\"KEIJTECH Forward Tower\"}]},{\"@type\":\"WebSite\",\"@id\":\"https:\\\/\\\/keijtech.nl\\\/de\\\/#website\",\"url\":\"https:\\\/\\\/keijtech.nl\\\/de\\\/\",\"name\":\"Keijtech.de\",\"description\":\"Keijtech Wassersport Produkte Deutschland\",\"publisher\":{\"@id\":\"https:\\\/\\\/keijtech.nl\\\/de\\\/#organization\"},\"potentialAction\":[{\"@type\":\"SearchAction\",\"target\":{\"@type\":\"EntryPoint\",\"urlTemplate\":\"https:\\\/\\\/keijtech.nl\\\/de\\\/?s={search_term_string}\"},\"query-input\":{\"@type\":\"PropertyValueSpecification\",\"valueRequired\":true,\"valueName\":\"search_term_string\"}}],\"inLanguage\":\"de\"},{\"@type\":\"Organization\",\"@id\":\"https:\\\/\\\/keijtech.nl\\\/de\\\/#organization\",\"name\":\"Keijtech\",\"url\":\"https:\\\/\\\/keijtech.nl\\\/de\\\/\",\"logo\":{\"@type\":\"ImageObject\",\"inLanguage\":\"de\",\"@id\":\"https:\\\/\\\/keijtech.nl\\\/de\\\/#\\\/schema\\\/logo\\\/image\\\/\",\"url\":\"https:\\\/\\\/keijtech.nl\\\/de\\\/wp-content\\\/uploads\\\/sites\\\/3\\\/2016\\\/02\\\/keijtech_logo_website.png\",\"contentUrl\":\"https:\\\/\\\/keijtech.nl\\\/de\\\/wp-content\\\/uploads\\\/sites\\\/3\\\/2016\\\/02\\\/keijtech_logo_website.png\",\"width\":1024,\"height\":111,\"caption\":\"Keijtech\"},\"image\":{\"@id\":\"https:\\\/\\\/keijtech.nl\\\/de\\\/#\\\/schema\\\/logo\\\/image\\\/\"}}]}<\/script>\n<!-- \/ Yoast SEO plugin. -->","yoast_head_json":{"title":"KEIJTECH Forward Tower -","description":"Der Neuen Topmodell von Keijtech Wakeboardtower Linie: Der Forward Wakeboard Tower. Sehr Stabil und Super Kombi Preise mit klappbare Racks.","robots":{"index":"index","follow":"follow","max-snippet":"max-snippet:-1","max-image-preview":"max-image-preview:large","max-video-preview":"max-video-preview:-1"},"canonical":"https:\/\/keijtech.nl\/de\/keijtech-forward-tower\/","og_locale":"de_DE","og_type":"article","og_title":"KEIJTECH Forward Tower -","og_description":"Der Neuen Topmodell von Keijtech Wakeboardtower Linie: Der Forward Wakeboard Tower. Sehr Stabil und Super Kombi Preise mit klappbare Racks.","og_url":"https:\/\/keijtech.nl\/de\/keijtech-forward-tower\/","article_modified_time":"2024-12-27T09:48:22+00:00","og_image":[{"url":"https:\/\/keijtech.nl\/de\/wp-content\/uploads\/sites\/3\/2023\/04\/keijtech-forward-tower-gemonteerd-zij-aanzicht-2-1-768x393.jpg","type":"","width":"","height":""}],"twitter_card":"summary_large_image","twitter_misc":{"Gesch\u00e4tzte Lesezeit":"5\u00a0Minuten"},"schema":{"@context":"https:\/\/schema.org","@graph":[{"@type":"WebPage","@id":"https:\/\/keijtech.nl\/de\/keijtech-forward-tower\/","url":"https:\/\/keijtech.nl\/de\/keijtech-forward-tower\/","name":"KEIJTECH Forward Tower -","isPartOf":{"@id":"https:\/\/keijtech.nl\/de\/#website"},"primaryImageOfPage":{"@id":"https:\/\/keijtech.nl\/de\/keijtech-forward-tower\/#primaryimage"},"image":{"@id":"https:\/\/keijtech.nl\/de\/keijtech-forward-tower\/#primaryimage"},"thumbnailUrl":"https:\/\/keijtech.nl\/de\/wp-content\/uploads\/sites\/3\/2023\/04\/keijtech-forward-tower-gemonteerd-zij-aanzicht-2-1-768x393.jpg","datePublished":"2017-01-08T13:40:29+00:00","dateModified":"2024-12-27T09:48:22+00:00","description":"Der Neuen Topmodell von Keijtech Wakeboardtower Linie: Der Forward Wakeboard Tower. Sehr Stabil und Super Kombi Preise mit klappbare Racks.","breadcrumb":{"@id":"https:\/\/keijtech.nl\/de\/keijtech-forward-tower\/#breadcrumb"},"inLanguage":"de","potentialAction":[{"@type":"ReadAction","target":["https:\/\/keijtech.nl\/de\/keijtech-forward-tower\/"]}]},{"@type":"ImageObject","inLanguage":"de","@id":"https:\/\/keijtech.nl\/de\/keijtech-forward-tower\/#primaryimage","url":"https:\/\/keijtech.nl\/de\/wp-content\/uploads\/sites\/3\/2023\/04\/keijtech-forward-tower-gemonteerd-zij-aanzicht-2-1-scaled.jpg","contentUrl":"https:\/\/keijtech.nl\/de\/wp-content\/uploads\/sites\/3\/2023\/04\/keijtech-forward-tower-gemonteerd-zij-aanzicht-2-1-scaled.jpg","width":1024,"height":524},{"@type":"BreadcrumbList","@id":"https:\/\/keijtech.nl\/de\/keijtech-forward-tower\/#breadcrumb","itemListElement":[{"@type":"ListItem","position":1,"name":"Home","item":"https:\/\/keijtech.nl\/de\/"},{"@type":"ListItem","position":2,"name":"KEIJTECH Forward Tower"}]},{"@type":"WebSite","@id":"https:\/\/keijtech.nl\/de\/#website","url":"https:\/\/keijtech.nl\/de\/","name":"Keijtech.de","description":"Keijtech Wassersport Produkte Deutschland","publisher":{"@id":"https:\/\/keijtech.nl\/de\/#organization"},"potentialAction":[{"@type":"SearchAction","target":{"@type":"EntryPoint","urlTemplate":"https:\/\/keijtech.nl\/de\/?s={search_term_string}"},"query-input":{"@type":"PropertyValueSpecification","valueRequired":true,"valueName":"search_term_string"}}],"inLanguage":"de"},{"@type":"Organization","@id":"https:\/\/keijtech.nl\/de\/#organization","name":"Keijtech","url":"https:\/\/keijtech.nl\/de\/","logo":{"@type":"ImageObject","inLanguage":"de","@id":"https:\/\/keijtech.nl\/de\/#\/schema\/logo\/image\/","url":"https:\/\/keijtech.nl\/de\/wp-content\/uploads\/sites\/3\/2016\/02\/keijtech_logo_website.png","contentUrl":"https:\/\/keijtech.nl\/de\/wp-content\/uploads\/sites\/3\/2016\/02\/keijtech_logo_website.png","width":1024,"height":111,"caption":"Keijtech"},"image":{"@id":"https:\/\/keijtech.nl\/de\/#\/schema\/logo\/image\/"}}]}},"_links":{"self":[{"href":"https:\/\/keijtech.nl\/de\/wp-json\/wp\/v2\/pages\/276","targetHints":{"allow":["GET"]}}],"collection":[{"href":"https:\/\/keijtech.nl\/de\/wp-json\/wp\/v2\/pages"}],"about":[{"href":"https:\/\/keijtech.nl\/de\/wp-json\/wp\/v2\/types\/page"}],"author":[{"embeddable":true,"href":"https:\/\/keijtech.nl\/de\/wp-json\/wp\/v2\/users\/1"}],"replies":[{"embeddable":true,"href":"https:\/\/keijtech.nl\/de\/wp-json\/wp\/v2\/comments?post=276"}],"version-history":[{"count":0,"href":"https:\/\/keijtech.nl\/de\/wp-json\/wp\/v2\/pages\/276\/revisions"}],"wp:attachment":[{"href":"https:\/\/keijtech.nl\/de\/wp-json\/wp\/v2\/media?parent=276"}],"curies":[{"name":"wp","href":"https:\/\/api.w.org\/{rel}","templated":true}]}}