{"id":28,"date":"2016-02-29T11:10:57","date_gmt":"2016-02-29T10:10:57","guid":{"rendered":"http:\/\/keijtech.nl\/de\/?page_id=28"},"modified":"2025-08-02T11:37:43","modified_gmt":"2025-08-02T09:37:43","slug":"keijtech-classic-tower","status":"publish","type":"page","link":"https:\/\/keijtech.nl\/de\/keijtech-classic-tower\/","title":{"rendered":"KEIJTECH Classic Tower"},"content":{"rendered":"\t\t<div data-elementor-type=\"wp-page\" data-elementor-id=\"28\" class=\"elementor elementor-28\">\n\t\t\t\t\t\t<section class=\"elementor-section elementor-top-section elementor-element elementor-element-caa5fae elementor-section-boxed elementor-section-height-default elementor-section-height-default\" data-id=\"caa5fae\" data-element_type=\"section\" data-e-type=\"section\">\n\t\t\t\t\t\t<div class=\"elementor-container elementor-column-gap-default\">\n\t\t\t\t\t<div class=\"elementor-column elementor-col-100 elementor-top-column elementor-element elementor-element-06fe245\" data-id=\"06fe245\" data-element_type=\"column\" data-e-type=\"column\">\n\t\t\t<div class=\"elementor-widget-wrap elementor-element-populated\">\n\t\t\t\t\t\t<div class=\"elementor-element elementor-element-0031860 elementor-widget elementor-widget-heading\" data-id=\"0031860\" data-element_type=\"widget\" data-e-type=\"widget\" data-widget_type=\"heading.default\">\n\t\t\t\t<div class=\"elementor-widget-container\">\n\t\t\t\t\t<h2 class=\"elementor-heading-title elementor-size-default\">Keijtech Classic Wakeboardtower<\/h2>\t\t\t\t<\/div>\n\t\t\t\t<\/div>\n\t\t\t\t\t<\/div>\n\t\t<\/div>\n\t\t\t\t\t<\/div>\n\t\t<\/section>\n\t\t\t\t<section class=\"elementor-section elementor-top-section elementor-element elementor-element-0a7b17e elementor-section-boxed elementor-section-height-default elementor-section-height-default\" data-id=\"0a7b17e\" data-element_type=\"section\" data-e-type=\"section\">\n\t\t\t\t\t\t<div class=\"elementor-container elementor-column-gap-default\">\n\t\t\t\t\t<div class=\"elementor-column elementor-col-100 elementor-top-column elementor-element elementor-element-0adffaa\" data-id=\"0adffaa\" data-element_type=\"column\" data-e-type=\"column\">\n\t\t\t<div class=\"elementor-widget-wrap elementor-element-populated\">\n\t\t\t\t\t\t<div class=\"elementor-element elementor-element-f9e7c39 elementor-widget elementor-widget-text-editor\" data-id=\"f9e7c39\" data-element_type=\"widget\" data-e-type=\"widget\" data-widget_type=\"text-editor.default\">\n\t\t\t\t<div class=\"elementor-widget-container\">\n\t\t\t\t\t\t\t\t\t<p>&nbsp;<b>Neuen Version mit dickeren 2,25 Zoll\/56mm Rohr Durchmesser Jetzt ab Lager lieferbar.<\/b><\/p>\n<p>Das beliebte Klassieker KEIJTECH Classic Modell ist mit der Doppelrohrkonstruktion im<br>oberen Bereich auf \u00e4u\u00dferste Stabilit\u00e4t ausgelegt. Es<br>handelt sich hierbei um einen sehr starken Tower zum attraktiven Preis.<\/p>\n<p><a href=\"https:\/\/keijtech.nl\/de\/wakeboardtowers\/\">F\u00fcr eine allgemeine Information zu unseren Wakeboard \u2013 Towern klicken Sie bitte hier.<\/a><\/p>\n<p>Der Classic \u2013 Wakeboardtower ist einklappbar und mit allen Zubeh\u00f6rteilen wie<br>Board \u2013 Racks und Bimini \u2013 Tops kompatibel.<\/p>\n<p>Der Tower passt auf jedes Boot von 1,80 Meter bis 2,50 Meter Breite und hat eine Stehh\u00f6he von etwa 2,10 Meter, sodass man bequem unter dem Wakeboard \u2013 Tower stehen kann.<\/p>\n<ul>\n<li><strong>Der Keijtech Classic Tower in polierten Alu finish kostet EUR 899,- (AUSVERKAUFT)<\/strong><\/li>\n<li><strong>Der Keijtech Classic Tower in Black edition kostet EUR 999,-&nbsp;<\/strong><\/li>\n<\/ul>\n<p><a href=\"https:\/\/keijtech.nl\/de\/tower-zubehor\/\">F\u00fcr kompatibles Zubeh\u00f6r wie Boardracks, Biminitops und Tower Speaker klicken Sie bitte hier.<\/a><\/p>\t\t\t\t\t\t\t\t<\/div>\n\t\t\t\t<\/div>\n\t\t\t\t\t<\/div>\n\t\t<\/div>\n\t\t\t\t\t<\/div>\n\t\t<\/section>\n\t\t\t\t<section class=\"elementor-section elementor-top-section elementor-element elementor-element-90e44d4 elementor-section-boxed elementor-section-height-default elementor-section-height-default\" data-id=\"90e44d4\" data-element_type=\"section\" data-e-type=\"section\">\n\t\t\t\t\t\t<div class=\"elementor-container elementor-column-gap-default\">\n\t\t\t\t\t<div class=\"elementor-column elementor-col-100 elementor-top-column elementor-element elementor-element-e9d41bf\" data-id=\"e9d41bf\" data-element_type=\"column\" data-e-type=\"column\">\n\t\t\t<div class=\"elementor-widget-wrap elementor-element-populated\">\n\t\t\t\t\t\t<div class=\"elementor-element elementor-element-e47d69d elementor-arrows-position-inside elementor-pagination-position-outside elementor-widget elementor-widget-image-carousel\" data-id=\"e47d69d\" data-element_type=\"widget\" data-e-type=\"widget\" data-settings=\"{&quot;slides_to_show&quot;:&quot;1&quot;,&quot;effect&quot;:&quot;fade&quot;,&quot;navigation&quot;:&quot;both&quot;,&quot;autoplay&quot;:&quot;yes&quot;,&quot;pause_on_hover&quot;:&quot;yes&quot;,&quot;pause_on_interaction&quot;:&quot;yes&quot;,&quot;autoplay_speed&quot;:5000,&quot;infinite&quot;:&quot;yes&quot;,&quot;speed&quot;:500}\" data-widget_type=\"image-carousel.default\">\n\t\t\t\t<div class=\"elementor-widget-container\">\n\t\t\t\t\t\t\t<div class=\"elementor-image-carousel-wrapper swiper\" role=\"region\" aria-roledescription=\"carousel\" aria-label=\"Bild Karussell\" dir=\"ltr\">\n\t\t\t<div class=\"elementor-image-carousel swiper-wrapper\" aria-live=\"off\">\n\t\t\t\t\t\t\t\t<div class=\"swiper-slide\" role=\"group\" aria-roledescription=\"slide\" aria-label=\"1 von 8\"><figure class=\"swiper-slide-inner\"><img decoding=\"async\" class=\"swiper-slide-image\" src=\"https:\/\/keijtech.nl\/de\/wp-content\/uploads\/sites\/3\/2020\/12\/fe2-black-edition-768x414.jpg\" alt=\"fe2 black edition\" \/><\/figure><\/div><div class=\"swiper-slide\" role=\"group\" aria-roledescription=\"slide\" aria-label=\"2 von 8\"><figure class=\"swiper-slide-inner\"><img decoding=\"async\" class=\"swiper-slide-image\" src=\"https:\/\/keijtech.nl\/de\/wp-content\/uploads\/sites\/3\/2020\/12\/WP_20160418_002-768x399.jpg\" alt=\"Keijtech FE2 tower poliert\" \/><\/figure><\/div><div class=\"swiper-slide\" role=\"group\" aria-roledescription=\"slide\" aria-label=\"3 von 8\"><figure class=\"swiper-slide-inner\"><img decoding=\"async\" class=\"swiper-slide-image\" src=\"https:\/\/keijtech.nl\/de\/wp-content\/uploads\/sites\/3\/2020\/12\/fe2-in-water-768x432.jpg\" alt=\"fe2 waketower im wasser\" \/><\/figure><\/div><div class=\"swiper-slide\" role=\"group\" aria-roledescription=\"slide\" aria-label=\"4 von 8\"><figure class=\"swiper-slide-inner\"><img decoding=\"async\" class=\"swiper-slide-image\" src=\"https:\/\/keijtech.nl\/de\/wp-content\/uploads\/sites\/3\/2020\/12\/IMG_6290-768x460.jpg\" alt=\"IMG_6290\" \/><\/figure><\/div><div class=\"swiper-slide\" role=\"group\" aria-roledescription=\"slide\" aria-label=\"5 von 8\"><figure class=\"swiper-slide-inner\"><img decoding=\"async\" class=\"swiper-slide-image\" src=\"https:\/\/keijtech.nl\/de\/wp-content\/uploads\/sites\/3\/2020\/12\/IMG_6295-768x461.jpg\" alt=\"Wakeboardtower Eingeklappt klappbar\" \/><\/figure><\/div><div class=\"swiper-slide\" role=\"group\" aria-roledescription=\"slide\" aria-label=\"6 von 8\"><figure class=\"swiper-slide-inner\"><img decoding=\"async\" class=\"swiper-slide-image\" src=\"https:\/\/keijtech.nl\/de\/wp-content\/uploads\/sites\/3\/2020\/12\/WP_20151011_041-768x457.jpg\" alt=\"FE2 polierten Aluminium finish\" \/><\/figure><\/div><div class=\"swiper-slide\" role=\"group\" aria-roledescription=\"slide\" aria-label=\"7 von 8\"><figure class=\"swiper-slide-inner\"><img decoding=\"async\" class=\"swiper-slide-image\" src=\"https:\/\/keijtech.nl\/de\/wp-content\/uploads\/sites\/3\/2020\/12\/WP_20160825_005-768x432.jpg\" alt=\"WP_20160825_005\" \/><\/figure><\/div><div class=\"swiper-slide\" role=\"group\" aria-roledescription=\"slide\" aria-label=\"8 von 8\"><figure class=\"swiper-slide-inner\"><img decoding=\"async\" class=\"swiper-slide-image\" src=\"https:\/\/keijtech.nl\/de\/wp-content\/uploads\/sites\/3\/2020\/12\/fe2-black-2-768x432.jpg\" alt=\"fe2 tower schwarz\" \/><\/figure><\/div>\t\t\t<\/div>\n\t\t\t\t\t\t\t\t\t\t\t\t<div class=\"elementor-swiper-button elementor-swiper-button-prev\" role=\"button\" tabindex=\"0\">\n\t\t\t\t\t\t<i aria-hidden=\"true\" class=\"eicon-chevron-left\"><\/i>\t\t\t\t\t<\/div>\n\t\t\t\t\t<div class=\"elementor-swiper-button elementor-swiper-button-next\" role=\"button\" tabindex=\"0\">\n\t\t\t\t\t\t<i aria-hidden=\"true\" class=\"eicon-chevron-right\"><\/i>\t\t\t\t\t<\/div>\n\t\t\t\t\n\t\t\t\t\t\t\t\t\t<div class=\"swiper-pagination\"><\/div>\n\t\t\t\t\t\t\t\t\t<\/div>\n\t\t\t\t\t\t<\/div>\n\t\t\t\t<\/div>\n\t\t\t\t\t<\/div>\n\t\t<\/div>\n\t\t\t\t\t<\/div>\n\t\t<\/section>\n\t\t\t\t<\/div>\n\t\t","protected":false},"excerpt":{"rendered":"<p>Keijtech Classic Wakeboardtower &nbsp;Neuen Version mit dickeren 2,25 Zoll\/56mm Rohr Durchmesser Jetzt ab Lager lieferbar. Das beliebte Klassieker KEIJTECH Classic Modell ist mit der Doppelrohrkonstruktion imoberen Bereich auf \u00e4u\u00dferste Stabilit\u00e4t ausgelegt. Eshandelt sich hierbei um einen sehr starken Tower zum attraktiven Preis. F\u00fcr eine allgemeine Information zu unseren Wakeboard \u2013 Towern klicken Sie bitte hier.&hellip; <br \/> <a class=\"read-more\" href=\"https:\/\/keijtech.nl\/de\/keijtech-classic-tower\/\">Weiterlesen<\/a><\/p>\n","protected":false},"author":1,"featured_media":0,"parent":0,"menu_order":0,"comment_status":"closed","ping_status":"closed","template":"","meta":{"footnotes":""},"class_list":["post-28","page","type-page","status-publish","hentry"],"yoast_head":"<!-- This site is optimized with the Yoast SEO plugin v27.3 - https:\/\/yoast.com\/product\/yoast-seo-wordpress\/ -->\n<title>KEIJTECH Classic Tower -<\/title>\n<meta name=\"description\" content=\"Klassiker Wakeboardtower Modell von Keijtech. Preislich Interessant, Sehr Stabil und Stylish Entwurf. Der Klassieker Tower Super Ausgefuhrt.\" \/>\n<meta name=\"robots\" content=\"index, follow, max-snippet:-1, max-image-preview:large, max-video-preview:-1\" \/>\n<link rel=\"canonical\" href=\"https:\/\/keijtech.nl\/de\/keijtech-classic-tower\/\" \/>\n<meta property=\"og:locale\" content=\"de_DE\" \/>\n<meta property=\"og:type\" content=\"article\" \/>\n<meta property=\"og:title\" content=\"KEIJTECH Classic Tower -\" \/>\n<meta property=\"og:description\" content=\"Klassiker Wakeboardtower Modell von Keijtech. Preislich Interessant, Sehr Stabil und Stylish Entwurf. Der Klassieker Tower Super Ausgefuhrt.\" \/>\n<meta property=\"og:url\" content=\"https:\/\/keijtech.nl\/de\/keijtech-classic-tower\/\" \/>\n<meta property=\"article:modified_time\" content=\"2025-08-02T09:37:43+00:00\" \/>\n<meta property=\"og:image\" content=\"https:\/\/keijtech.nl\/de\/wp-content\/uploads\/sites\/3\/2020\/12\/fe2-black-edition-768x414.jpg\" \/>\n<meta name=\"twitter:card\" content=\"summary_large_image\" \/>\n<meta name=\"twitter:label1\" content=\"Gesch\u00e4tzte Lesezeit\" \/>\n\t<meta name=\"twitter:data1\" content=\"3\u00a0Minuten\" \/>\n<script type=\"application\/ld+json\" class=\"yoast-schema-graph\">{\"@context\":\"https:\\\/\\\/schema.org\",\"@graph\":[{\"@type\":\"WebPage\",\"@id\":\"https:\\\/\\\/keijtech.nl\\\/de\\\/keijtech-classic-tower\\\/\",\"url\":\"https:\\\/\\\/keijtech.nl\\\/de\\\/keijtech-classic-tower\\\/\",\"name\":\"KEIJTECH Classic Tower -\",\"isPartOf\":{\"@id\":\"https:\\\/\\\/keijtech.nl\\\/de\\\/#website\"},\"primaryImageOfPage\":{\"@id\":\"https:\\\/\\\/keijtech.nl\\\/de\\\/keijtech-classic-tower\\\/#primaryimage\"},\"image\":{\"@id\":\"https:\\\/\\\/keijtech.nl\\\/de\\\/keijtech-classic-tower\\\/#primaryimage\"},\"thumbnailUrl\":\"https:\\\/\\\/keijtech.nl\\\/de\\\/wp-content\\\/uploads\\\/sites\\\/3\\\/2020\\\/12\\\/fe2-black-edition-768x414.jpg\",\"datePublished\":\"2016-02-29T10:10:57+00:00\",\"dateModified\":\"2025-08-02T09:37:43+00:00\",\"description\":\"Klassiker Wakeboardtower Modell von Keijtech. Preislich Interessant, Sehr Stabil und Stylish Entwurf. Der Klassieker Tower Super Ausgefuhrt.\",\"breadcrumb\":{\"@id\":\"https:\\\/\\\/keijtech.nl\\\/de\\\/keijtech-classic-tower\\\/#breadcrumb\"},\"inLanguage\":\"de\",\"potentialAction\":[{\"@type\":\"ReadAction\",\"target\":[\"https:\\\/\\\/keijtech.nl\\\/de\\\/keijtech-classic-tower\\\/\"]}]},{\"@type\":\"ImageObject\",\"inLanguage\":\"de\",\"@id\":\"https:\\\/\\\/keijtech.nl\\\/de\\\/keijtech-classic-tower\\\/#primaryimage\",\"url\":\"https:\\\/\\\/keijtech.nl\\\/de\\\/wp-content\\\/uploads\\\/sites\\\/3\\\/2020\\\/12\\\/fe2-black-edition-scaled.jpg\",\"contentUrl\":\"https:\\\/\\\/keijtech.nl\\\/de\\\/wp-content\\\/uploads\\\/sites\\\/3\\\/2020\\\/12\\\/fe2-black-edition-scaled.jpg\",\"width\":1024,\"height\":551},{\"@type\":\"BreadcrumbList\",\"@id\":\"https:\\\/\\\/keijtech.nl\\\/de\\\/keijtech-classic-tower\\\/#breadcrumb\",\"itemListElement\":[{\"@type\":\"ListItem\",\"position\":1,\"name\":\"Home\",\"item\":\"https:\\\/\\\/keijtech.nl\\\/de\\\/\"},{\"@type\":\"ListItem\",\"position\":2,\"name\":\"KEIJTECH Classic Tower\"}]},{\"@type\":\"WebSite\",\"@id\":\"https:\\\/\\\/keijtech.nl\\\/de\\\/#website\",\"url\":\"https:\\\/\\\/keijtech.nl\\\/de\\\/\",\"name\":\"Keijtech.de\",\"description\":\"Keijtech Wassersport Produkte Deutschland\",\"publisher\":{\"@id\":\"https:\\\/\\\/keijtech.nl\\\/de\\\/#organization\"},\"potentialAction\":[{\"@type\":\"SearchAction\",\"target\":{\"@type\":\"EntryPoint\",\"urlTemplate\":\"https:\\\/\\\/keijtech.nl\\\/de\\\/?s={search_term_string}\"},\"query-input\":{\"@type\":\"PropertyValueSpecification\",\"valueRequired\":true,\"valueName\":\"search_term_string\"}}],\"inLanguage\":\"de\"},{\"@type\":\"Organization\",\"@id\":\"https:\\\/\\\/keijtech.nl\\\/de\\\/#organization\",\"name\":\"Keijtech\",\"url\":\"https:\\\/\\\/keijtech.nl\\\/de\\\/\",\"logo\":{\"@type\":\"ImageObject\",\"inLanguage\":\"de\",\"@id\":\"https:\\\/\\\/keijtech.nl\\\/de\\\/#\\\/schema\\\/logo\\\/image\\\/\",\"url\":\"https:\\\/\\\/keijtech.nl\\\/de\\\/wp-content\\\/uploads\\\/sites\\\/3\\\/2016\\\/02\\\/keijtech_logo_website.png\",\"contentUrl\":\"https:\\\/\\\/keijtech.nl\\\/de\\\/wp-content\\\/uploads\\\/sites\\\/3\\\/2016\\\/02\\\/keijtech_logo_website.png\",\"width\":1024,\"height\":111,\"caption\":\"Keijtech\"},\"image\":{\"@id\":\"https:\\\/\\\/keijtech.nl\\\/de\\\/#\\\/schema\\\/logo\\\/image\\\/\"}}]}<\/script>\n<!-- \/ Yoast SEO plugin. -->","yoast_head_json":{"title":"KEIJTECH Classic Tower -","description":"Klassiker Wakeboardtower Modell von Keijtech. Preislich Interessant, Sehr Stabil und Stylish Entwurf. Der Klassieker Tower Super Ausgefuhrt.","robots":{"index":"index","follow":"follow","max-snippet":"max-snippet:-1","max-image-preview":"max-image-preview:large","max-video-preview":"max-video-preview:-1"},"canonical":"https:\/\/keijtech.nl\/de\/keijtech-classic-tower\/","og_locale":"de_DE","og_type":"article","og_title":"KEIJTECH Classic Tower -","og_description":"Klassiker Wakeboardtower Modell von Keijtech. Preislich Interessant, Sehr Stabil und Stylish Entwurf. Der Klassieker Tower Super Ausgefuhrt.","og_url":"https:\/\/keijtech.nl\/de\/keijtech-classic-tower\/","article_modified_time":"2025-08-02T09:37:43+00:00","og_image":[{"url":"https:\/\/keijtech.nl\/de\/wp-content\/uploads\/sites\/3\/2020\/12\/fe2-black-edition-768x414.jpg","type":"","width":"","height":""}],"twitter_card":"summary_large_image","twitter_misc":{"Gesch\u00e4tzte Lesezeit":"3\u00a0Minuten"},"schema":{"@context":"https:\/\/schema.org","@graph":[{"@type":"WebPage","@id":"https:\/\/keijtech.nl\/de\/keijtech-classic-tower\/","url":"https:\/\/keijtech.nl\/de\/keijtech-classic-tower\/","name":"KEIJTECH Classic Tower -","isPartOf":{"@id":"https:\/\/keijtech.nl\/de\/#website"},"primaryImageOfPage":{"@id":"https:\/\/keijtech.nl\/de\/keijtech-classic-tower\/#primaryimage"},"image":{"@id":"https:\/\/keijtech.nl\/de\/keijtech-classic-tower\/#primaryimage"},"thumbnailUrl":"https:\/\/keijtech.nl\/de\/wp-content\/uploads\/sites\/3\/2020\/12\/fe2-black-edition-768x414.jpg","datePublished":"2016-02-29T10:10:57+00:00","dateModified":"2025-08-02T09:37:43+00:00","description":"Klassiker Wakeboardtower Modell von Keijtech. Preislich Interessant, Sehr Stabil und Stylish Entwurf. Der Klassieker Tower Super Ausgefuhrt.","breadcrumb":{"@id":"https:\/\/keijtech.nl\/de\/keijtech-classic-tower\/#breadcrumb"},"inLanguage":"de","potentialAction":[{"@type":"ReadAction","target":["https:\/\/keijtech.nl\/de\/keijtech-classic-tower\/"]}]},{"@type":"ImageObject","inLanguage":"de","@id":"https:\/\/keijtech.nl\/de\/keijtech-classic-tower\/#primaryimage","url":"https:\/\/keijtech.nl\/de\/wp-content\/uploads\/sites\/3\/2020\/12\/fe2-black-edition-scaled.jpg","contentUrl":"https:\/\/keijtech.nl\/de\/wp-content\/uploads\/sites\/3\/2020\/12\/fe2-black-edition-scaled.jpg","width":1024,"height":551},{"@type":"BreadcrumbList","@id":"https:\/\/keijtech.nl\/de\/keijtech-classic-tower\/#breadcrumb","itemListElement":[{"@type":"ListItem","position":1,"name":"Home","item":"https:\/\/keijtech.nl\/de\/"},{"@type":"ListItem","position":2,"name":"KEIJTECH Classic Tower"}]},{"@type":"WebSite","@id":"https:\/\/keijtech.nl\/de\/#website","url":"https:\/\/keijtech.nl\/de\/","name":"Keijtech.de","description":"Keijtech Wassersport Produkte Deutschland","publisher":{"@id":"https:\/\/keijtech.nl\/de\/#organization"},"potentialAction":[{"@type":"SearchAction","target":{"@type":"EntryPoint","urlTemplate":"https:\/\/keijtech.nl\/de\/?s={search_term_string}"},"query-input":{"@type":"PropertyValueSpecification","valueRequired":true,"valueName":"search_term_string"}}],"inLanguage":"de"},{"@type":"Organization","@id":"https:\/\/keijtech.nl\/de\/#organization","name":"Keijtech","url":"https:\/\/keijtech.nl\/de\/","logo":{"@type":"ImageObject","inLanguage":"de","@id":"https:\/\/keijtech.nl\/de\/#\/schema\/logo\/image\/","url":"https:\/\/keijtech.nl\/de\/wp-content\/uploads\/sites\/3\/2016\/02\/keijtech_logo_website.png","contentUrl":"https:\/\/keijtech.nl\/de\/wp-content\/uploads\/sites\/3\/2016\/02\/keijtech_logo_website.png","width":1024,"height":111,"caption":"Keijtech"},"image":{"@id":"https:\/\/keijtech.nl\/de\/#\/schema\/logo\/image\/"}}]}},"_links":{"self":[{"href":"https:\/\/keijtech.nl\/de\/wp-json\/wp\/v2\/pages\/28","targetHints":{"allow":["GET"]}}],"collection":[{"href":"https:\/\/keijtech.nl\/de\/wp-json\/wp\/v2\/pages"}],"about":[{"href":"https:\/\/keijtech.nl\/de\/wp-json\/wp\/v2\/types\/page"}],"author":[{"embeddable":true,"href":"https:\/\/keijtech.nl\/de\/wp-json\/wp\/v2\/users\/1"}],"replies":[{"embeddable":true,"href":"https:\/\/keijtech.nl\/de\/wp-json\/wp\/v2\/comments?post=28"}],"version-history":[{"count":3,"href":"https:\/\/keijtech.nl\/de\/wp-json\/wp\/v2\/pages\/28\/revisions"}],"predecessor-version":[{"id":2948,"href":"https:\/\/keijtech.nl\/de\/wp-json\/wp\/v2\/pages\/28\/revisions\/2948"}],"wp:attachment":[{"href":"https:\/\/keijtech.nl\/de\/wp-json\/wp\/v2\/media?parent=28"}],"curies":[{"name":"wp","href":"https:\/\/api.w.org\/{rel}","templated":true}]}}