{"id":2994,"date":"2025-08-30T12:07:33","date_gmt":"2025-08-30T10:07:33","guid":{"rendered":"https:\/\/keijtech.nl\/de\/?page_id=2994"},"modified":"2025-08-30T12:15:26","modified_gmt":"2025-08-30T10:15:26","slug":"winterlager","status":"publish","type":"page","link":"https:\/\/keijtech.nl\/de\/winterlager\/","title":{"rendered":"Winterlager"},"content":{"rendered":"\t\t<div data-elementor-type=\"wp-page\" data-elementor-id=\"2994\" class=\"elementor elementor-2994\">\n\t\t\t\t\t\t<section class=\"elementor-section elementor-top-section elementor-element elementor-element-c2454b5 elementor-section-boxed elementor-section-height-default elementor-section-height-default\" data-id=\"c2454b5\" data-element_type=\"section\" data-e-type=\"section\">\n\t\t\t\t\t\t<div class=\"elementor-container elementor-column-gap-default\">\n\t\t\t\t\t<div class=\"elementor-column elementor-col-100 elementor-top-column elementor-element elementor-element-5993879\" data-id=\"5993879\" data-element_type=\"column\" data-e-type=\"column\">\n\t\t\t<div class=\"elementor-widget-wrap elementor-element-populated\">\n\t\t\t\t\t\t<div class=\"elementor-element elementor-element-3165565 elementor-widget elementor-widget-heading\" data-id=\"3165565\" data-element_type=\"widget\" data-e-type=\"widget\" data-widget_type=\"heading.default\">\n\t\t\t\t<div class=\"elementor-widget-container\">\n\t\t\t\t\t<h2 class=\"elementor-heading-title elementor-size-default\"><span lang=\"de\"><span><span>Saubere, Frostfreie und Gesicherte Winterlagerung <\/span><\/span><\/span>bei Keijtech<\/h2>\t\t\t\t<\/div>\n\t\t\t\t<\/div>\n\t\t\t\t\t<\/div>\n\t\t<\/div>\n\t\t\t\t\t<\/div>\n\t\t<\/section>\n\t\t\t\t<section class=\"elementor-section elementor-top-section elementor-element elementor-element-820e1c3 elementor-section-boxed elementor-section-height-default elementor-section-height-default\" data-id=\"820e1c3\" data-element_type=\"section\" data-e-type=\"section\">\n\t\t\t\t\t\t<div class=\"elementor-container elementor-column-gap-default\">\n\t\t\t\t\t<div class=\"elementor-column elementor-col-100 elementor-top-column elementor-element elementor-element-8e3fcde\" data-id=\"8e3fcde\" data-element_type=\"column\" data-e-type=\"column\">\n\t\t\t<div class=\"elementor-widget-wrap elementor-element-populated\">\n\t\t\t\t\t\t<div class=\"elementor-element elementor-element-f778c5d elementor-widget elementor-widget-text-editor\" data-id=\"f778c5d\" data-element_type=\"widget\" data-e-type=\"widget\" data-widget_type=\"text-editor.default\">\n\t\t\t\t<div class=\"elementor-widget-container\">\n\t\t\t\t\t\t\t\t\t<div class=\"lRu31\" dir=\"ltr\">\n<p><span class=\"HwtZe\" lang=\"de\"><span class=\"jCAhz ChMk0b\"><span class=\"ryNqvb\">Keijtech bietet Ihnen die Lagerung in unserer Neuen Lagerhalle an.<\/span><\/span><span class=\"jCAhz ChMk0b\"><span class=\"ryNqvb\">&nbsp;<\/span><\/span><\/span><\/p>\n<p><span class=\"HwtZe\" lang=\"de\"><span class=\"jCAhz ChMk0b\"><span class=\"ryNqvb\">Die Vorteile unserer Lagerhalle:&nbsp;<\/span><\/span><\/span><\/p>\n<ul>\n<li><span class=\"HwtZe\" lang=\"de\"><span class=\"jCAhz ChMk0b\"><span class=\"ryNqvb\">Neue Lagerhalle, sehr sauber.<\/span><\/span>&nbsp;<span class=\"jCAhz ChMk0b\"><span class=\"ryNqvb\">Wenig Staub und keine Probleme mit Vogelnestern etc.&nbsp;<\/span><\/span><\/span><\/li>\n<li><span class=\"HwtZe\" lang=\"de\"><span class=\"jCAhz ChMk0b\"><span class=\"ryNqvb\">Die Lagerhalle ist gut isoliert, und wir stellen sicher, dass die Temperatur nie unter 5 Grad Celsius f\u00e4llt.<\/span><\/span> <span class=\"jCAhz ChMk0b\"><span class=\"ryNqvb\">Sie m\u00fcssen Ihr Boot also nicht mehr frostsicher machen, was Kosten spart.<\/span><\/span><span class=\"jCAhz ChMk0b\"><span class=\"ryNqvb\">&nbsp;<\/span><\/span><\/span><\/li>\n<li><span class=\"HwtZe\" lang=\"de\"><span class=\"jCAhz ChMk0b\"><span class=\"ryNqvb\">Gut isoliert und \u00fcber 5 Grad Celsius gehalten, bedeutet keine Probleme mit Kondenswasser und Schimmel; alles trocknet innerhalb einer Woche.<\/span><\/span><span class=\"jCAhz ChMk0b\"><span class=\"ryNqvb\">&nbsp;<\/span><\/span><\/span><\/li>\n<li><span class=\"HwtZe\" lang=\"de\"><span class=\"jCAhz ChMk0b\"><span class=\"ryNqvb\">Ihre Artikel werden sicher in einer verschlossenen Lagerhalle mit Alarmanlage gelagert.<\/span><\/span> <span class=\"jCAhz ChMk0b\"><span class=\"ryNqvb\">(Alles geschieht auf Ihr eigenes Risiko; Sie m\u00fcssen den Artikel selbst versichern.)&nbsp;<\/span><\/span><\/span><\/li>\n<li><span class=\"HwtZe\" lang=\"de\"><span class=\"HwtZe\" lang=\"de\"><span class=\"jCAhz ChMk0b\"><span class=\"ryNqvb\">Eine Lagerung ohne eigenen Anh\u00e4nger ist ebenfalls m\u00f6glich; wir k\u00f6nnen den Transport organisieren und das Boot auf einer Lagerplattform platzieren.<\/span><\/span><\/span><\/span>\n<p><b><br>Preise: Winterlagerung ab 45 \u20ac inkl. MwSt. pro m\u00b2&nbsp;<\/b>(Gesamtl\u00e4nge x Gesamtbreite des Objekt).&nbsp;<br>Preis beinhaltet Sommerlagerung mit leerem Anh\u00e4nger (Lieferung einmal im Fr\u00fchjahr und Abholung einmal im Herbst).&nbsp;<\/p>\n<p>Eine Lagerung ohne Anh\u00e4nger ist ebenfalls m\u00f6glich. Wir holen Ihr Boot gerne im Hafen ab, reinigen und warten es und bringen es im Fr\u00fchjahr wieder zur\u00fcck.<\/p>\n<p><span class=\"HwtZe\" lang=\"de\"><span class=\"HwtZe\" lang=\"de\"> <span class=\"jCAhz\"><span class=\"ryNqvb\">Hierf\u00fcr f\u00e4llt eine zus\u00e4tzliche Geb\u00fchr an, die beim Kauf berechnet wird.<\/span><\/span><span class=\"jCAhz ChMk0b\"><span class=\"ryNqvb\">&nbsp;<\/span><\/span><\/span><\/span><\/p>\n<p><b>Bitte beachten Sie: Die Nutzung unseres Lagers erfolgt auf eigene Gefahr. Sie sind selbst daf\u00fcr verantwortlich, Ihr Boot gegen Sch\u00e4den, Diebstahl, Vandalismus, Schimmel, Ungeziefer, Feuer usw. zu versichern.<\/b><\/p>\n<\/li>\n<\/ul>\n<\/div>\n<div class=\"UdTY9 WdefRb\" aria-hidden=\"true\" data-location=\"2\">\n<div class=\"kO6q6e\">&nbsp;<\/div>\n<\/div>\t\t\t\t\t\t\t\t<\/div>\n\t\t\t\t<\/div>\n\t\t\t\t\t<\/div>\n\t\t<\/div>\n\t\t\t\t\t<\/div>\n\t\t<\/section>\n\t\t\t\t<section class=\"elementor-section elementor-top-section elementor-element elementor-element-c95e648 elementor-section-boxed elementor-section-height-default elementor-section-height-default\" data-id=\"c95e648\" data-element_type=\"section\" data-e-type=\"section\">\n\t\t\t\t\t\t<div class=\"elementor-container elementor-column-gap-default\">\n\t\t\t\t\t<div class=\"elementor-column elementor-col-100 elementor-top-column elementor-element elementor-element-116fe07\" data-id=\"116fe07\" data-element_type=\"column\" data-e-type=\"column\">\n\t\t\t<div class=\"elementor-widget-wrap elementor-element-populated\">\n\t\t\t\t\t\t<div class=\"elementor-element elementor-element-80b72e1 elementor-arrows-position-inside elementor-pagination-position-outside elementor-widget elementor-widget-image-carousel\" data-id=\"80b72e1\" data-element_type=\"widget\" data-e-type=\"widget\" data-settings=\"{&quot;slides_to_show&quot;:&quot;1&quot;,&quot;navigation&quot;:&quot;both&quot;,&quot;autoplay&quot;:&quot;yes&quot;,&quot;pause_on_hover&quot;:&quot;yes&quot;,&quot;pause_on_interaction&quot;:&quot;yes&quot;,&quot;autoplay_speed&quot;:5000,&quot;infinite&quot;:&quot;yes&quot;,&quot;effect&quot;:&quot;slide&quot;,&quot;speed&quot;:500}\" data-widget_type=\"image-carousel.default\">\n\t\t\t\t<div class=\"elementor-widget-container\">\n\t\t\t\t\t\t\t<div class=\"elementor-image-carousel-wrapper swiper\" role=\"region\" aria-roledescription=\"carousel\" aria-label=\"Bild Karussell\" dir=\"ltr\">\n\t\t\t<div class=\"elementor-image-carousel swiper-wrapper\" aria-live=\"off\">\n\t\t\t\t\t\t\t\t<div class=\"swiper-slide\" role=\"group\" aria-roledescription=\"slide\" aria-label=\"1 von 3\"><figure class=\"swiper-slide-inner\"><img decoding=\"async\" class=\"swiper-slide-image\" src=\"https:\/\/keijtech.nl\/de\/wp-content\/uploads\/sites\/3\/2025\/05\/IMG_5079-1024x768.jpg\" alt=\"IMG_5079\" \/><\/figure><\/div><div class=\"swiper-slide\" role=\"group\" aria-roledescription=\"slide\" aria-label=\"2 von 3\"><figure class=\"swiper-slide-inner\"><img decoding=\"async\" class=\"swiper-slide-image\" src=\"https:\/\/keijtech.nl\/de\/wp-content\/uploads\/sites\/3\/2025\/08\/IMG_5042-1024x768.jpg\" alt=\"IMG_5042\" \/><\/figure><\/div><div class=\"swiper-slide\" role=\"group\" aria-roledescription=\"slide\" aria-label=\"3 von 3\"><figure class=\"swiper-slide-inner\"><img decoding=\"async\" class=\"swiper-slide-image\" src=\"https:\/\/keijtech.nl\/de\/wp-content\/uploads\/sites\/3\/2025\/08\/hydraulische-trailer-1024x768.jpg\" alt=\"hydraulische trailer\" \/><\/figure><\/div>\t\t\t<\/div>\n\t\t\t\t\t\t\t\t\t\t\t\t<div class=\"elementor-swiper-button elementor-swiper-button-prev\" role=\"button\" tabindex=\"0\">\n\t\t\t\t\t\t<i aria-hidden=\"true\" class=\"eicon-chevron-left\"><\/i>\t\t\t\t\t<\/div>\n\t\t\t\t\t<div class=\"elementor-swiper-button elementor-swiper-button-next\" role=\"button\" tabindex=\"0\">\n\t\t\t\t\t\t<i aria-hidden=\"true\" class=\"eicon-chevron-right\"><\/i>\t\t\t\t\t<\/div>\n\t\t\t\t\n\t\t\t\t\t\t\t\t\t<div class=\"swiper-pagination\"><\/div>\n\t\t\t\t\t\t\t\t\t<\/div>\n\t\t\t\t\t\t<\/div>\n\t\t\t\t<\/div>\n\t\t\t\t\t<\/div>\n\t\t<\/div>\n\t\t\t\t\t<\/div>\n\t\t<\/section>\n\t\t\t\t<\/div>\n\t\t","protected":false},"excerpt":{"rendered":"<p>Saubere, Frostfreie und Gesicherte Winterlagerung bei Keijtech Keijtech bietet Ihnen die Lagerung in unserer Neuen Lagerhalle an.&nbsp; Die Vorteile unserer Lagerhalle:&nbsp; Neue Lagerhalle, sehr sauber.&nbsp;Wenig Staub und keine Probleme mit Vogelnestern etc.&nbsp; Die Lagerhalle ist gut isoliert, und wir stellen sicher, dass die Temperatur nie unter 5 Grad Celsius f\u00e4llt. Sie m\u00fcssen Ihr Boot also&hellip; <br \/> <a class=\"read-more\" href=\"https:\/\/keijtech.nl\/de\/winterlager\/\">Weiterlesen<\/a><\/p>\n","protected":false},"author":1,"featured_media":0,"parent":0,"menu_order":0,"comment_status":"closed","ping_status":"closed","template":"","meta":{"footnotes":""},"class_list":["post-2994","page","type-page","status-publish","hentry"],"yoast_head":"<!-- This site is optimized with the Yoast SEO plugin v27.3 - https:\/\/yoast.com\/product\/yoast-seo-wordpress\/ -->\n<title>Winterlager -<\/title>\n<meta name=\"robots\" content=\"index, follow, max-snippet:-1, max-image-preview:large, max-video-preview:-1\" \/>\n<link rel=\"canonical\" href=\"https:\/\/keijtech.nl\/de\/winterlager\/\" \/>\n<meta property=\"og:locale\" content=\"de_DE\" \/>\n<meta property=\"og:type\" content=\"article\" \/>\n<meta property=\"og:title\" content=\"Winterlager -\" \/>\n<meta property=\"og:description\" content=\"Saubere, Frostfreie und Gesicherte Winterlagerung bei Keijtech Keijtech bietet Ihnen die Lagerung in unserer Neuen Lagerhalle an.&nbsp; Die Vorteile unserer Lagerhalle:&nbsp; Neue Lagerhalle, sehr sauber.&nbsp;Wenig Staub und keine Probleme mit Vogelnestern etc.&nbsp; Die Lagerhalle ist gut isoliert, und wir stellen sicher, dass die Temperatur nie unter 5 Grad Celsius f\u00e4llt. Sie m\u00fcssen Ihr Boot also&hellip; Weiterlesen\" \/>\n<meta property=\"og:url\" content=\"https:\/\/keijtech.nl\/de\/winterlager\/\" \/>\n<meta property=\"article:modified_time\" content=\"2025-08-30T10:15:26+00:00\" \/>\n<meta property=\"og:image\" content=\"https:\/\/keijtech.nl\/de\/wp-content\/uploads\/sites\/3\/2025\/05\/IMG_5079-1024x768.jpg\" \/>\n<meta name=\"twitter:card\" content=\"summary_large_image\" \/>\n<meta name=\"twitter:label1\" content=\"Gesch\u00e4tzte Lesezeit\" \/>\n\t<meta name=\"twitter:data1\" content=\"3\u00a0Minuten\" \/>\n<script type=\"application\/ld+json\" class=\"yoast-schema-graph\">{\"@context\":\"https:\\\/\\\/schema.org\",\"@graph\":[{\"@type\":\"WebPage\",\"@id\":\"https:\\\/\\\/keijtech.nl\\\/de\\\/winterlager\\\/\",\"url\":\"https:\\\/\\\/keijtech.nl\\\/de\\\/winterlager\\\/\",\"name\":\"Winterlager -\",\"isPartOf\":{\"@id\":\"https:\\\/\\\/keijtech.nl\\\/de\\\/#website\"},\"primaryImageOfPage\":{\"@id\":\"https:\\\/\\\/keijtech.nl\\\/de\\\/winterlager\\\/#primaryimage\"},\"image\":{\"@id\":\"https:\\\/\\\/keijtech.nl\\\/de\\\/winterlager\\\/#primaryimage\"},\"thumbnailUrl\":\"https:\\\/\\\/keijtech.nl\\\/de\\\/wp-content\\\/uploads\\\/sites\\\/3\\\/2025\\\/05\\\/IMG_5079-1024x768.jpg\",\"datePublished\":\"2025-08-30T10:07:33+00:00\",\"dateModified\":\"2025-08-30T10:15:26+00:00\",\"breadcrumb\":{\"@id\":\"https:\\\/\\\/keijtech.nl\\\/de\\\/winterlager\\\/#breadcrumb\"},\"inLanguage\":\"de\",\"potentialAction\":[{\"@type\":\"ReadAction\",\"target\":[\"https:\\\/\\\/keijtech.nl\\\/de\\\/winterlager\\\/\"]}]},{\"@type\":\"ImageObject\",\"inLanguage\":\"de\",\"@id\":\"https:\\\/\\\/keijtech.nl\\\/de\\\/winterlager\\\/#primaryimage\",\"url\":\"https:\\\/\\\/keijtech.nl\\\/de\\\/wp-content\\\/uploads\\\/sites\\\/3\\\/2025\\\/05\\\/IMG_5079-scaled.jpg\",\"contentUrl\":\"https:\\\/\\\/keijtech.nl\\\/de\\\/wp-content\\\/uploads\\\/sites\\\/3\\\/2025\\\/05\\\/IMG_5079-scaled.jpg\",\"width\":1024,\"height\":768},{\"@type\":\"BreadcrumbList\",\"@id\":\"https:\\\/\\\/keijtech.nl\\\/de\\\/winterlager\\\/#breadcrumb\",\"itemListElement\":[{\"@type\":\"ListItem\",\"position\":1,\"name\":\"Home\",\"item\":\"https:\\\/\\\/keijtech.nl\\\/de\\\/\"},{\"@type\":\"ListItem\",\"position\":2,\"name\":\"Winterlager\"}]},{\"@type\":\"WebSite\",\"@id\":\"https:\\\/\\\/keijtech.nl\\\/de\\\/#website\",\"url\":\"https:\\\/\\\/keijtech.nl\\\/de\\\/\",\"name\":\"Keijtech.de\",\"description\":\"Keijtech Wassersport Produkte Deutschland\",\"publisher\":{\"@id\":\"https:\\\/\\\/keijtech.nl\\\/de\\\/#organization\"},\"potentialAction\":[{\"@type\":\"SearchAction\",\"target\":{\"@type\":\"EntryPoint\",\"urlTemplate\":\"https:\\\/\\\/keijtech.nl\\\/de\\\/?s={search_term_string}\"},\"query-input\":{\"@type\":\"PropertyValueSpecification\",\"valueRequired\":true,\"valueName\":\"search_term_string\"}}],\"inLanguage\":\"de\"},{\"@type\":\"Organization\",\"@id\":\"https:\\\/\\\/keijtech.nl\\\/de\\\/#organization\",\"name\":\"Keijtech\",\"url\":\"https:\\\/\\\/keijtech.nl\\\/de\\\/\",\"logo\":{\"@type\":\"ImageObject\",\"inLanguage\":\"de\",\"@id\":\"https:\\\/\\\/keijtech.nl\\\/de\\\/#\\\/schema\\\/logo\\\/image\\\/\",\"url\":\"https:\\\/\\\/keijtech.nl\\\/de\\\/wp-content\\\/uploads\\\/sites\\\/3\\\/2016\\\/02\\\/keijtech_logo_website.png\",\"contentUrl\":\"https:\\\/\\\/keijtech.nl\\\/de\\\/wp-content\\\/uploads\\\/sites\\\/3\\\/2016\\\/02\\\/keijtech_logo_website.png\",\"width\":1024,\"height\":111,\"caption\":\"Keijtech\"},\"image\":{\"@id\":\"https:\\\/\\\/keijtech.nl\\\/de\\\/#\\\/schema\\\/logo\\\/image\\\/\"}}]}<\/script>\n<!-- \/ Yoast SEO plugin. -->","yoast_head_json":{"title":"Winterlager -","robots":{"index":"index","follow":"follow","max-snippet":"max-snippet:-1","max-image-preview":"max-image-preview:large","max-video-preview":"max-video-preview:-1"},"canonical":"https:\/\/keijtech.nl\/de\/winterlager\/","og_locale":"de_DE","og_type":"article","og_title":"Winterlager -","og_description":"Saubere, Frostfreie und Gesicherte Winterlagerung bei Keijtech Keijtech bietet Ihnen die Lagerung in unserer Neuen Lagerhalle an.&nbsp; Die Vorteile unserer Lagerhalle:&nbsp; Neue Lagerhalle, sehr sauber.&nbsp;Wenig Staub und keine Probleme mit Vogelnestern etc.&nbsp; Die Lagerhalle ist gut isoliert, und wir stellen sicher, dass die Temperatur nie unter 5 Grad Celsius f\u00e4llt. Sie m\u00fcssen Ihr Boot also&hellip; Weiterlesen","og_url":"https:\/\/keijtech.nl\/de\/winterlager\/","article_modified_time":"2025-08-30T10:15:26+00:00","og_image":[{"url":"https:\/\/keijtech.nl\/de\/wp-content\/uploads\/sites\/3\/2025\/05\/IMG_5079-1024x768.jpg","type":"","width":"","height":""}],"twitter_card":"summary_large_image","twitter_misc":{"Gesch\u00e4tzte Lesezeit":"3\u00a0Minuten"},"schema":{"@context":"https:\/\/schema.org","@graph":[{"@type":"WebPage","@id":"https:\/\/keijtech.nl\/de\/winterlager\/","url":"https:\/\/keijtech.nl\/de\/winterlager\/","name":"Winterlager -","isPartOf":{"@id":"https:\/\/keijtech.nl\/de\/#website"},"primaryImageOfPage":{"@id":"https:\/\/keijtech.nl\/de\/winterlager\/#primaryimage"},"image":{"@id":"https:\/\/keijtech.nl\/de\/winterlager\/#primaryimage"},"thumbnailUrl":"https:\/\/keijtech.nl\/de\/wp-content\/uploads\/sites\/3\/2025\/05\/IMG_5079-1024x768.jpg","datePublished":"2025-08-30T10:07:33+00:00","dateModified":"2025-08-30T10:15:26+00:00","breadcrumb":{"@id":"https:\/\/keijtech.nl\/de\/winterlager\/#breadcrumb"},"inLanguage":"de","potentialAction":[{"@type":"ReadAction","target":["https:\/\/keijtech.nl\/de\/winterlager\/"]}]},{"@type":"ImageObject","inLanguage":"de","@id":"https:\/\/keijtech.nl\/de\/winterlager\/#primaryimage","url":"https:\/\/keijtech.nl\/de\/wp-content\/uploads\/sites\/3\/2025\/05\/IMG_5079-scaled.jpg","contentUrl":"https:\/\/keijtech.nl\/de\/wp-content\/uploads\/sites\/3\/2025\/05\/IMG_5079-scaled.jpg","width":1024,"height":768},{"@type":"BreadcrumbList","@id":"https:\/\/keijtech.nl\/de\/winterlager\/#breadcrumb","itemListElement":[{"@type":"ListItem","position":1,"name":"Home","item":"https:\/\/keijtech.nl\/de\/"},{"@type":"ListItem","position":2,"name":"Winterlager"}]},{"@type":"WebSite","@id":"https:\/\/keijtech.nl\/de\/#website","url":"https:\/\/keijtech.nl\/de\/","name":"Keijtech.de","description":"Keijtech Wassersport Produkte Deutschland","publisher":{"@id":"https:\/\/keijtech.nl\/de\/#organization"},"potentialAction":[{"@type":"SearchAction","target":{"@type":"EntryPoint","urlTemplate":"https:\/\/keijtech.nl\/de\/?s={search_term_string}"},"query-input":{"@type":"PropertyValueSpecification","valueRequired":true,"valueName":"search_term_string"}}],"inLanguage":"de"},{"@type":"Organization","@id":"https:\/\/keijtech.nl\/de\/#organization","name":"Keijtech","url":"https:\/\/keijtech.nl\/de\/","logo":{"@type":"ImageObject","inLanguage":"de","@id":"https:\/\/keijtech.nl\/de\/#\/schema\/logo\/image\/","url":"https:\/\/keijtech.nl\/de\/wp-content\/uploads\/sites\/3\/2016\/02\/keijtech_logo_website.png","contentUrl":"https:\/\/keijtech.nl\/de\/wp-content\/uploads\/sites\/3\/2016\/02\/keijtech_logo_website.png","width":1024,"height":111,"caption":"Keijtech"},"image":{"@id":"https:\/\/keijtech.nl\/de\/#\/schema\/logo\/image\/"}}]}},"_links":{"self":[{"href":"https:\/\/keijtech.nl\/de\/wp-json\/wp\/v2\/pages\/2994","targetHints":{"allow":["GET"]}}],"collection":[{"href":"https:\/\/keijtech.nl\/de\/wp-json\/wp\/v2\/pages"}],"about":[{"href":"https:\/\/keijtech.nl\/de\/wp-json\/wp\/v2\/types\/page"}],"author":[{"embeddable":true,"href":"https:\/\/keijtech.nl\/de\/wp-json\/wp\/v2\/users\/1"}],"replies":[{"embeddable":true,"href":"https:\/\/keijtech.nl\/de\/wp-json\/wp\/v2\/comments?post=2994"}],"version-history":[{"count":7,"href":"https:\/\/keijtech.nl\/de\/wp-json\/wp\/v2\/pages\/2994\/revisions"}],"predecessor-version":[{"id":3003,"href":"https:\/\/keijtech.nl\/de\/wp-json\/wp\/v2\/pages\/2994\/revisions\/3003"}],"wp:attachment":[{"href":"https:\/\/keijtech.nl\/de\/wp-json\/wp\/v2\/media?parent=2994"}],"curies":[{"name":"wp","href":"https:\/\/api.w.org\/{rel}","templated":true}]}}